




{"id":880,"date":"2012-03-04T07:19:13","date_gmt":"2012-03-04T07:19:13","guid":{"rendered":"https:\/\/www.dr-mamczur.pl\/blog\/?page_id=880"},"modified":"2012-03-04T07:19:13","modified_gmt":"2012-03-04T07:19:13","slug":"wizualizacja-w-medycynie","status":"publish","type":"page","link":"https:\/\/www.dr-mamczur.pl\/blog\/trudne-przypadki-chorobowe\/wizualizacja-w-medycynie\/","title":{"rendered":"WIZUALIZACJA W MEDYCYNIE"},"content":{"rendered":"<p>W czasie opracowywania wizualizacji trudnych przypadk\u00f3w diagnostycznych oraz nefrologicznych my\u015bl\u0119, \u017ce powstan\u0105 ciekawe\u00a0 spostrze\u017cenia i &#8220;wizje&#8221; dotycz\u0105ce innych ga\u0142\u0119zi medycyny. B\u0119d\u0119 je pokazywa\u0142 na tej stronie<\/p>\n<p>&nbsp;<\/p>\n","protected":false},"excerpt":{"rendered":"<p>W czasie opracowywania wizualizacji trudnych przypadk\u00f3w diagnostycznych oraz nefrologicznych my\u015bl\u0119, \u017ce powstan\u0105 ciekawe\u00a0 spostrze\u017cenia i &#8220;wizje&#8221; dotycz\u0105ce innych ga\u0142\u0119zi medycyny. B\u0119d\u0119 je pokazywa\u0142 na tej stronie &nbsp;<\/p>\n","protected":false},"author":1,"featured_media":0,"parent":21,"menu_order":0,"comment_status":"open","ping_status":"open","template":"","meta":[],"_links":{"self":[{"href":"https:\/\/www.dr-mamczur.pl\/blog\/wp-json\/wp\/v2\/pages\/880"}],"collection":[{"href":"https:\/\/www.dr-mamczur.pl\/blog\/wp-json\/wp\/v2\/pages"}],"about":[{"href":"https:\/\/www.dr-mamczur.pl\/blog\/wp-json\/wp\/v2\/types\/page"}],"author":[{"embeddable":true,"href":"https:\/\/www.dr-mamczur.pl\/blog\/wp-json\/wp\/v2\/users\/1"}],"replies":[{"embeddable":true,"href":"https:\/\/www.dr-mamczur.pl\/blog\/wp-json\/wp\/v2\/comments?post=880"}],"version-history":[{"count":2,"href":"https:\/\/www.dr-mamczur.pl\/blog\/wp-json\/wp\/v2\/pages\/880\/revisions"}],"predecessor-version":[{"id":882,"href":"https:\/\/www.dr-mamczur.pl\/blog\/wp-json\/wp\/v2\/pages\/880\/revisions\/882"}],"up":[{"embeddable":true,"href":"https:\/\/www.dr-mamczur.pl\/blog\/wp-json\/wp\/v2\/pages\/21"}],"wp:attachment":[{"href":"https:\/\/www.dr-mamczur.pl\/blog\/wp-json\/wp\/v2\/media?parent=880"}],"curies":[{"name":"wp","href":"https:\/\/api.w.org\/{rel}","templated":true}]}}