




{"id":6316,"date":"2021-09-12T11:15:44","date_gmt":"2021-09-12T09:15:44","guid":{"rendered":"https:\/\/www.dr-mamczur.pl\/blog\/?page_id=6316"},"modified":"2022-01-04T09:25:13","modified_gmt":"2022-01-04T08:25:13","slug":"bariatria-nadwaga-i-otylosc","status":"publish","type":"page","link":"https:\/\/www.dr-mamczur.pl\/blog\/wiedza-wg-specjalizacji\/bariatria-nadwaga-i-otylosc\/","title":{"rendered":"Bariatria &#8211; nadwaga i oty\u0142o\u015b\u0107"},"content":{"rendered":"","protected":true},"excerpt":{"rendered":"","protected":true},"author":1,"featured_media":0,"parent":3448,"menu_order":0,"comment_status":"closed","ping_status":"closed","template":"","meta":[],"_links":{"self":[{"href":"https:\/\/www.dr-mamczur.pl\/blog\/wp-json\/wp\/v2\/pages\/6316"}],"collection":[{"href":"https:\/\/www.dr-mamczur.pl\/blog\/wp-json\/wp\/v2\/pages"}],"about":[{"href":"https:\/\/www.dr-mamczur.pl\/blog\/wp-json\/wp\/v2\/types\/page"}],"author":[{"embeddable":true,"href":"https:\/\/www.dr-mamczur.pl\/blog\/wp-json\/wp\/v2\/users\/1"}],"replies":[{"embeddable":true,"href":"https:\/\/www.dr-mamczur.pl\/blog\/wp-json\/wp\/v2\/comments?post=6316"}],"version-history":[{"count":4,"href":"https:\/\/www.dr-mamczur.pl\/blog\/wp-json\/wp\/v2\/pages\/6316\/revisions"}],"predecessor-version":[{"id":6440,"href":"https:\/\/www.dr-mamczur.pl\/blog\/wp-json\/wp\/v2\/pages\/6316\/revisions\/6440"}],"up":[{"embeddable":true,"href":"https:\/\/www.dr-mamczur.pl\/blog\/wp-json\/wp\/v2\/pages\/3448"}],"wp:attachment":[{"href":"https:\/\/www.dr-mamczur.pl\/blog\/wp-json\/wp\/v2\/media?parent=6316"}],"curies":[{"name":"wp","href":"https:\/\/api.w.org\/{rel}","templated":true}]}}