




{"id":5882,"date":"2021-01-09T21:59:16","date_gmt":"2021-01-09T21:59:16","guid":{"rendered":"https:\/\/www.dr-mamczur.pl\/blog\/?page_id=5882"},"modified":"2021-01-09T21:59:48","modified_gmt":"2021-01-09T21:59:48","slug":"sztuczna-inteligencja-i-gdmmia","status":"publish","type":"page","link":"https:\/\/www.dr-mamczur.pl\/blog\/globalna-dynamiczna-mapa-mysli\/sztuczna-inteligencja-i-gdmmia\/","title":{"rendered":"Sztuczna inteligencja i GDMMiA"},"content":{"rendered":"<p>Zapraszam na m\u00f3j prywatny blog dotycz\u0105cy sztucznej inteligencji i GDMMiA za\u0142o\u017cony dla mnie przez moja c\u00f3rk\u0119 Joann\u0119<\/p>\n<p><a href=\"http:\/\/golden-visionnaire.pl\/\" target=\"_blank\" rel=\"noopener noreferrer\">Golden Visionnaire<\/a><\/p>\n","protected":false},"excerpt":{"rendered":"<p>Zapraszam na m\u00f3j prywatny blog dotycz\u0105cy sztucznej inteligencji i GDMMiA za\u0142o\u017cony dla mnie przez moja c\u00f3rk\u0119 Joann\u0119 Golden Visionnaire<\/p>\n","protected":false},"author":1,"featured_media":0,"parent":241,"menu_order":0,"comment_status":"closed","ping_status":"closed","template":"","meta":[],"_links":{"self":[{"href":"https:\/\/www.dr-mamczur.pl\/blog\/wp-json\/wp\/v2\/pages\/5882"}],"collection":[{"href":"https:\/\/www.dr-mamczur.pl\/blog\/wp-json\/wp\/v2\/pages"}],"about":[{"href":"https:\/\/www.dr-mamczur.pl\/blog\/wp-json\/wp\/v2\/types\/page"}],"author":[{"embeddable":true,"href":"https:\/\/www.dr-mamczur.pl\/blog\/wp-json\/wp\/v2\/users\/1"}],"replies":[{"embeddable":true,"href":"https:\/\/www.dr-mamczur.pl\/blog\/wp-json\/wp\/v2\/comments?post=5882"}],"version-history":[{"count":1,"href":"https:\/\/www.dr-mamczur.pl\/blog\/wp-json\/wp\/v2\/pages\/5882\/revisions"}],"predecessor-version":[{"id":5884,"href":"https:\/\/www.dr-mamczur.pl\/blog\/wp-json\/wp\/v2\/pages\/5882\/revisions\/5884"}],"up":[{"embeddable":true,"href":"https:\/\/www.dr-mamczur.pl\/blog\/wp-json\/wp\/v2\/pages\/241"}],"wp:attachment":[{"href":"https:\/\/www.dr-mamczur.pl\/blog\/wp-json\/wp\/v2\/media?parent=5882"}],"curies":[{"name":"wp","href":"https:\/\/api.w.org\/{rel}","templated":true}]}}