




{"id":481,"date":"2011-11-12T08:41:18","date_gmt":"2011-11-12T08:41:18","guid":{"rendered":"http:\/\/www.dariusz-mamczur.dr-mamczur.pl\/?page_id=481"},"modified":"2012-12-29T17:38:52","modified_gmt":"2012-12-29T17:38:52","slug":"gdmm-a-prawo","status":"publish","type":"page","link":"https:\/\/www.dr-mamczur.pl\/blog\/globalna-dynamiczna-mapa-mysli\/gdmm-a-pomysly-na-biznes\/gdmm-a-prawo\/","title":{"rendered":"GDMM a Prawo"},"content":{"rendered":"<p>Logicznie konstruowane przepisy prawa powinny da\u0107 si\u0119 opisa\u0107 map\u0105 my\u015bli.<\/p>\n","protected":false},"excerpt":{"rendered":"<p>Logicznie konstruowane przepisy prawa powinny da\u0107 si\u0119 opisa\u0107 map\u0105 my\u015bli.<\/p>\n","protected":false},"author":1,"featured_media":0,"parent":479,"menu_order":0,"comment_status":"open","ping_status":"open","template":"","meta":[],"_links":{"self":[{"href":"https:\/\/www.dr-mamczur.pl\/blog\/wp-json\/wp\/v2\/pages\/481"}],"collection":[{"href":"https:\/\/www.dr-mamczur.pl\/blog\/wp-json\/wp\/v2\/pages"}],"about":[{"href":"https:\/\/www.dr-mamczur.pl\/blog\/wp-json\/wp\/v2\/types\/page"}],"author":[{"embeddable":true,"href":"https:\/\/www.dr-mamczur.pl\/blog\/wp-json\/wp\/v2\/users\/1"}],"replies":[{"embeddable":true,"href":"https:\/\/www.dr-mamczur.pl\/blog\/wp-json\/wp\/v2\/comments?post=481"}],"version-history":[{"count":1,"href":"https:\/\/www.dr-mamczur.pl\/blog\/wp-json\/wp\/v2\/pages\/481\/revisions"}],"predecessor-version":[{"id":955,"href":"https:\/\/www.dr-mamczur.pl\/blog\/wp-json\/wp\/v2\/pages\/481\/revisions\/955"}],"up":[{"embeddable":true,"href":"https:\/\/www.dr-mamczur.pl\/blog\/wp-json\/wp\/v2\/pages\/479"}],"wp:attachment":[{"href":"https:\/\/www.dr-mamczur.pl\/blog\/wp-json\/wp\/v2\/media?parent=481"}],"curies":[{"name":"wp","href":"https:\/\/api.w.org\/{rel}","templated":true}]}}