




{"id":479,"date":"2011-11-12T08:40:09","date_gmt":"2011-11-12T08:40:09","guid":{"rendered":"http:\/\/www.dariusz-mamczur.dr-mamczur.pl\/?page_id=479"},"modified":"2020-10-08T18:21:50","modified_gmt":"2020-10-08T18:21:50","slug":"gdmm-a-pomysly-na-biznes","status":"publish","type":"page","link":"https:\/\/www.dr-mamczur.pl\/blog\/globalna-dynamiczna-mapa-mysli\/gdmm-a-pomysly-na-biznes\/","title":{"rendered":"GDMM a pomys\u0142y na biznes"},"content":{"rendered":"<p>Globalna Dynamiczna Mapa My\u015bli powstaje, by rozwi\u0105za\u0107 problemy ludzi. Na tym poziomie mo\u017ce powsta\u0107 potrzeba pomocy innych cz\u0142onk\u00f3w spo\u0142ecze\u0144stwa. Tu jest szansa na stworzenie biznesu. Je\u017celi rozwi\u0105zanie problemu pozwoli w spos\u00f3b op\u0142acalny stworzy\u0107 firm\u0119 zajmuj\u0105c\u0105 si\u0119 tym zagadnieniem &#8211; to mamy \u015bwietne \u017ar\u00f3d\u0142o pomys\u0142\u00f3w na biznes. Olbrzymie narz\u0119dzie wspomagaj\u0105ce burz\u0119 m\u00f3zg\u00f3w w biznesie.<\/p>\n","protected":false},"excerpt":{"rendered":"<p>Globalna Dynamiczna Mapa My\u015bli powstaje, by rozwi\u0105za\u0107 problemy ludzi. Na tym poziomie mo\u017ce powsta\u0107 potrzeba pomocy innych cz\u0142onk\u00f3w spo\u0142ecze\u0144stwa. Tu jest szansa na stworzenie biznesu. Je\u017celi rozwi\u0105zanie problemu pozwoli w spos\u00f3b op\u0142acalny stworzy\u0107 firm\u0119 zajmuj\u0105c\u0105 si\u0119 tym zagadnieniem &#8211; to &hellip; <a href=\"https:\/\/www.dr-mamczur.pl\/blog\/globalna-dynamiczna-mapa-mysli\/gdmm-a-pomysly-na-biznes\/\">Czytaj dalej <span class=\"meta-nav\">&rarr;<\/span><\/a><\/p>\n","protected":false},"author":1,"featured_media":0,"parent":241,"menu_order":0,"comment_status":"closed","ping_status":"closed","template":"","meta":[],"_links":{"self":[{"href":"https:\/\/www.dr-mamczur.pl\/blog\/wp-json\/wp\/v2\/pages\/479"}],"collection":[{"href":"https:\/\/www.dr-mamczur.pl\/blog\/wp-json\/wp\/v2\/pages"}],"about":[{"href":"https:\/\/www.dr-mamczur.pl\/blog\/wp-json\/wp\/v2\/types\/page"}],"author":[{"embeddable":true,"href":"https:\/\/www.dr-mamczur.pl\/blog\/wp-json\/wp\/v2\/users\/1"}],"replies":[{"embeddable":true,"href":"https:\/\/www.dr-mamczur.pl\/blog\/wp-json\/wp\/v2\/comments?post=479"}],"version-history":[{"count":3,"href":"https:\/\/www.dr-mamczur.pl\/blog\/wp-json\/wp\/v2\/pages\/479\/revisions"}],"predecessor-version":[{"id":5133,"href":"https:\/\/www.dr-mamczur.pl\/blog\/wp-json\/wp\/v2\/pages\/479\/revisions\/5133"}],"up":[{"embeddable":true,"href":"https:\/\/www.dr-mamczur.pl\/blog\/wp-json\/wp\/v2\/pages\/241"}],"wp:attachment":[{"href":"https:\/\/www.dr-mamczur.pl\/blog\/wp-json\/wp\/v2\/media?parent=479"}],"curies":[{"name":"wp","href":"https:\/\/api.w.org\/{rel}","templated":true}]}}