




{"id":3721,"date":"2019-08-24T19:55:25","date_gmt":"2019-08-24T19:55:25","guid":{"rendered":"https:\/\/www.dr-mamczur.pl\/blog\/?page_id=3721"},"modified":"2025-04-05T15:41:02","modified_gmt":"2025-04-05T13:41:02","slug":"medycyna-podrozy-i-tropikalna","status":"publish","type":"page","link":"https:\/\/www.dr-mamczur.pl\/blog\/trudne-przypadki-chorobowe\/medycyna-podrozy-i-tropikalna\/","title":{"rendered":"Medycyna podr\u00f3\u017cy i choroby zaka\u017ane"},"content":{"rendered":"","protected":true},"excerpt":{"rendered":"","protected":true},"author":1,"featured_media":0,"parent":21,"menu_order":0,"comment_status":"closed","ping_status":"closed","template":"","meta":[],"_links":{"self":[{"href":"https:\/\/www.dr-mamczur.pl\/blog\/wp-json\/wp\/v2\/pages\/3721"}],"collection":[{"href":"https:\/\/www.dr-mamczur.pl\/blog\/wp-json\/wp\/v2\/pages"}],"about":[{"href":"https:\/\/www.dr-mamczur.pl\/blog\/wp-json\/wp\/v2\/types\/page"}],"author":[{"embeddable":true,"href":"https:\/\/www.dr-mamczur.pl\/blog\/wp-json\/wp\/v2\/users\/1"}],"replies":[{"embeddable":true,"href":"https:\/\/www.dr-mamczur.pl\/blog\/wp-json\/wp\/v2\/comments?post=3721"}],"version-history":[{"count":16,"href":"https:\/\/www.dr-mamczur.pl\/blog\/wp-json\/wp\/v2\/pages\/3721\/revisions"}],"predecessor-version":[{"id":7242,"href":"https:\/\/www.dr-mamczur.pl\/blog\/wp-json\/wp\/v2\/pages\/3721\/revisions\/7242"}],"up":[{"embeddable":true,"href":"https:\/\/www.dr-mamczur.pl\/blog\/wp-json\/wp\/v2\/pages\/21"}],"wp:attachment":[{"href":"https:\/\/www.dr-mamczur.pl\/blog\/wp-json\/wp\/v2\/media?parent=3721"}],"curies":[{"name":"wp","href":"https:\/\/api.w.org\/{rel}","templated":true}]}}