




{"id":3714,"date":"2019-08-23T07:25:22","date_gmt":"2019-08-23T07:25:22","guid":{"rendered":"https:\/\/www.dr-mamczur.pl\/blog\/?page_id=3714"},"modified":"2019-08-26T22:04:31","modified_gmt":"2019-08-26T22:04:31","slug":"objawy-patognomoniczne","status":"publish","type":"page","link":"https:\/\/www.dr-mamczur.pl\/blog\/trudne-przypadki-chorobowe\/internetowe-bazy-wiedzy\/diagnozowarki\/objawy-patognomoniczne\/","title":{"rendered":"Objawy patognomoniczne"},"content":{"rendered":"<p>Termin <a href=\"https:\/\/pl.wikipedia.org\/wiki\/Objaw_patognomoniczny\" target=\"_blank\" rel=\"noopener noreferrer\"><strong>OBJAW PATOGNOMONICZNY<\/strong><\/a> (znamienny) (<a href=\"https:\/\/en.wikipedia.org\/wiki\/Pathognomonic\" target=\"_blank\" rel=\"noopener noreferrer\">Pathognomonic sign or symptom<\/a>) oznacza objaw chorobowy, kt\u00f3ry wyst\u0119puje tylko w jednej chorobie. Jego znalezienie jest r\u00f3wnoznaczne z rozpoznaniem danej jednostki chorobowej u pacjenta. R\u00f3\u017cnica w terminologii angloj\u0119zycznej wynika z tego, \u017ce lekarze u\u017cywaj\u0105 oddzielnie dw\u00f3ch okre\u015ble\u0144 dla naszej nazwy OBJAW.\u00a0 W polskiej medycynie stosuje si\u0119 to pojecie w odniesieniu do skarg zg\u0142aszanych przez pacjenta (subiektywne) (<strong>sign<\/strong>) oraz do stwierdzanych (przez lekarza) odchyle\u0144 w badaniu przedmiotowym (obiektywne) (<strong>Symptom<\/strong>)<\/p>\n<p>Dla lekarza by\u0142oby naj\u0142atwiej, gdyby dla ka\u017cdej jednostki istnia\u0142 tylko jeden objaw znamienny. Problem polega na tym, \u017ce<\/p>\n<p>a) po pierwsze pacjent mo\u017ce opisywa\u0107 objawy, kt\u00f3re lekarz zinterpretuje inaczej, ni\u017c jest w rzeczywisto\u015bci,<\/p>\n<p>b) po drugie, dw\u00f3ch lekarzy ogl\u0105daj\u0105c te sam\u0105 zmian\u0119 w badaniu przedmiotowym mo\u017ce to inaczej opisa\u0107 (np. jeden opisze rumie\u0144, drugi rumie\u0144 obr\u0105czkowy)<\/p>\n<p>c) niestety objawy, kt\u00f3re uwa\u017cano za patognomoniczne mog\u0105 pojawia\u0107 si\u0119 w innych chorobach (np <a title=\"Objaw Argylla Robertsona\" href=\"https:\/\/pl.wikipedia.org\/wiki\/Objaw_Argylla_Robertsona\">objaw Argylla Robertsona).<\/a> (kiedy\u015b uwa\u017cano, \u017ce tylko<a title=\"Ki\u0142a\" href=\"https:\/\/pl.wikipedia.org\/wiki\/Ki%C5%82a\">ki\u0142a<\/a> trzeciorz\u0119dowa (<a title=\"Wi\u0105d rdzenia\" href=\"https:\/\/pl.wikipedia.org\/wiki\/Wi%C4%85d_rdzenia\">wi\u0105d rdzenia<\/a>) \u2013 obecnie znaczenie praktycznie tylko historyczne, inne<a title=\"Stwardnienie rozsiane\" href=\"https:\/\/pl.wikipedia.org\/wiki\/Stwardnienie_rozsiane\"> stwardnienie rozsiane<\/a>,<a title=\"Nowotw\u00f3r\" href=\"https:\/\/pl.wikipedia.org\/wiki\/Nowotw%C3%B3r\">guzy<\/a> <a title=\"Szyszynka\" href=\"https:\/\/pl.wikipedia.org\/wiki\/Szyszynka\">szyszynki<\/a>,<a title=\"Encefalopatia\" href=\"https:\/\/pl.wikipedia.org\/wiki\/Encefalopatia\">encefalopatia<\/a> <a title=\"Cukrzyca\" href=\"https:\/\/pl.wikipedia.org\/wiki\/Cukrzyca\">cukrzycowa,\u00a0<\/a><a title=\"Cukrzyca\" href=\"https:\/\/pl.wikipedia.org\/wiki\/Cukrzyca\">syringobulbium;\u00a0<\/a><a title=\"Cukrzyca\" href=\"https:\/\/pl.wikipedia.org\/wiki\/Cukrzyca\">polineuropatia b\u0142onicza;\u00a0<\/a>alkoholizm.\u00a0 Dodatni objaw Argylla Robertsona \u015bwiadczy o uszkodzeniu do\u015brodkowej drogi odruchowej (zwykle okolicy <a title=\"Wodoci\u0105g m\u00f3zgu\" href=\"https:\/\/pl.wikipedia.org\/wiki\/Wodoci%C4%85g_m%C3%B3zgu\">oko\u0142owodoci\u0105gowej<\/a> \u015br\u00f3dm\u00f3zgowia) przed osi\u0105gni\u0119ciem <a title=\"J\u0105dro (neuroanatomia)\" href=\"https:\/\/pl.wikipedia.org\/wiki\/J%C4%85dro_%28neuroanatomia%29\">j\u0105dra<\/a> <a title=\"Nerw okoruchowy\" href=\"https:\/\/pl.wikipedia.org\/wiki\/Nerw_okoruchowy\">nerwu III<\/a>.<\/p>\n<h1 class=\"title style-scope ytd-video-primary-info-renderer\"><a href=\"https:\/\/www.youtube.com\/watch?v=Xvzmum3WDQ8\" target=\"_blank\" rel=\"noopener noreferrer\">Pupil testing and responses Argyll Robertson Pupil<\/a><\/h1>\n<h1 class=\"title style-scope ytd-video-primary-info-renderer\"><a href=\"http:\/\/Argyll-Robertson Pupil - key points in 60 seconds\" target=\"_blank\" rel=\"noopener noreferrer\">Argyll-Robertson Pupil &#8211; key points in 60 seconds<\/a> &#8211; jak mnemotechnicznie zapami\u0119ta\u0107 ten objaw<\/h1>\n<p>odruch na \u015bwiat\u0142o<a href=\"https:\/\/www.youtube.com\/watch?v=RBJnclxslmQ\" target=\"_blank\" rel=\"noopener noreferrer\"> Light reflex<\/a><\/p>\n<p>&nbsp;<\/p>\n<p title=\"Ki\u0142a\">d) Brak objawu znamiennego nie wyklucza mo\u017cliwo\u015bci choroby<\/p>\n<p>Niekt\u00f3rzy rozpoznanie na pierwszy rzut oka nazywaj\u0105 &#8220;diagnoz\u0105 uliczn\u0105&#8221; (&#8220;<strong>strassen diagnose<\/strong>&#8220;) &#8211; tu mog\u0105 by\u0107 przydatne objawy znamienne. (Lepiej sprawdza si\u0119 u lekarzy z du\u017cym do\u015bwiadczeniem w sytuacjach nag\u0142ych, ni\u017c u m\u0142odych lekarzy, kt\u00f3rzy jeszcze wiele nie widzieli).<\/p>\n<p>W diagnostyce trudnych przypadk\u00f3w, mimo wszystko warto uwzgl\u0119dnia\u0107 objawy znamienne. Patrz\u0105c na lekarza, kt\u00f3ry stawia rozpoznanie na podstawie objaw\u00f3w patognomonicznych, pacjent mo\u017ce odnie\u015b\u0107 wra\u017cenie, \u017ce ten doktor to ma wiedz\u0119. Nie potrzebuje bada\u0144 i komputer\u00f3w. Popatrzy na cz\u0142owieka i od razu wie jaka choroba\u00a0 &#8220;dopad\u0142a&#8221; pacjenta.\u00a0 Pacjent najch\u0119tniej chcia\u0142by trafi\u0107 do takiego lekarza &#8211; popatrzy na cz\u0142owieka, lub jak irydolog &#8220;w oczy&#8221; i ju\u017c mo\u017cemy si\u0119 wyleczy\u0107, bo wiemy na co. Czasami mam takie wra\u017cenie, \u017ce tego oczekuj\u0105 ode mnie pacjenci, kt\u00f3rzy trafiaj\u0105 do mnie z tzw. trudnymi przypadkami diagnostycznymi.Na tej stronie b\u0119d\u0119 umieszcza\u0142 ciekawe objawy patognomoniczne lub linki do informacji na ten temat<\/p>\n<p>W diagnostyce chor\u00f3b rzadkich, gdzie albo badania genetyczne s\u0105 bardzo drogie, lub chorob\u0119 rozpoznaje si\u0119 tylko po obrazie klinicznych objawy znamienne maj\u0105 du\u017ce znaczenie <a href=\"https:\/\/www.orpha.net\/consor\/cgi-bin\/Disease_HPOTerms.php?lng=PL\" target=\"_blank\" rel=\"noopener noreferrer\">Oznaki i objawy kliniczne &#8211; Orphanet<\/a><\/p>\n<p>&nbsp;<\/p>\n<p><strong>wytrzeszcz ga\u0142ek <a href=\"https:\/\/pl.wikipedia.org\/wiki\/Choroba_Gravesa-Basedowa\" target=\"_blank\" rel=\"noopener noreferrer\">ocznych<\/a><\/strong> &#8211; w nadczynno\u015bci <strong>tarczycy<\/strong><\/p>\n<p><strong>okr\u0105g\u0142a twarz<\/strong> <a href=\"https:\/\/www.revolvy.com\/page\/Moon-face\" target=\"_blank\" rel=\"noopener noreferrer\">(jak ksi\u0119\u017cyc w pe\u0142ni<\/a> )- choroba<strong> Cushinga<\/strong><\/p>\n<p><a href=\"http:\/\/przypadkiwpediatrii.pzwl.pl\/choroby-zakazne-wracaja-odra\/\" target=\"_blank\" rel=\"noopener noreferrer\"><strong>plamki Koplika<\/strong><\/a> &#8211; <a href=\"https:\/\/slideplayer.pl\/slide\/87227\/\" target=\"_blank\" rel=\"noopener noreferrer\"><strong>odra<\/strong> (<span class=\"tr\">Dr n. med. Ma\u0142gorzata Bednarek<\/span> <span class=\"tr\">Klinika Chor\u00f3b Zaka\u017anych i Hepatologii UM w \u0141odzi<\/span>)<\/a>\u00a0ma\u0142e bia\u0142e plamki na czerwonym tle na wysoko\u015bci z\u0119b\u00f3w trzonowych i przedtrzonowych, ko\u0142o uj\u015bcia \u015blinianki przyusznej<\/p>\n<p><strong>ubytek s\u0142uchu na wysokich tonach<\/strong> (+ gor\u0105czka) w <strong>brucelozie<\/strong><\/p>\n<p><strong>niebieskie guzki w sk\u00f3rze<\/strong> we wszystkich okolicach cia\u0142a -przerzuty\u00a0 <a href=\"http:\/\/www.imid.med.pl\/pl\/neuroblastoma\" target=\"_blank\" rel=\"noopener noreferrer\"><strong>neuroblastoma<\/strong><\/a><\/p>\n<p>pseudosulcus vocalis, czyli <a href=\"https:\/\/www.termedia.pl\/Pozaprzelykowe-manifestacje-choroby-refluksowej-w-laryngologii,98,33983,0,0.html\" target=\"_blank\" rel=\"noopener noreferrer\"><strong>obrz\u0119k podg\u0142o\u015bniowy<\/strong> <\/a>&#8211; Choroba refluksowa prze\u0142yku<\/p>\n<p><strong>ubytek w polu widzenia &#8220;zas\u0142ona&#8221;\u00a0<\/strong> znika rano, po czym pojawia si\u0119 p\u00f3\u017aniej w ci\u0105gu dnia. Zazwyczaj taki ubytek powstaje w skrajnych obszarach widzenia i jest tak zwanym objawem patognomonicznym, czyli \u015bwiadczy o <strong>odklejeniu siatk\u00f3wki oka.\u00a0<\/strong><\/p>\n<p>opisali <strong>pier\u015bcie\u0144 barwnikowy<\/strong> w rog\u00f3wce Fleischera Keisera\u2013 patognomoniczny objaw choroby <strong>Wilsona<\/strong><\/p>\n<p><strong>\u017c\u00f3\u0142to-br\u0105zowe plamy po<\/strong>d p\u0142ytk\u0105 paznokciow\u0105 tzw. <strong>plamy olejowe<\/strong> &#8211; <strong>\u0142uszczyca<\/strong><\/p>\n<p>Tabele z objawami patonomonicznymi:<\/p>\n<h3 class=\"post-title entry-title\"><a href=\"http:\/\/cardionice.blogspot.com\/2012\/02\/pathognomonic-signs.html\" target=\"_blank\" rel=\"noopener noreferrer\">PATHOGNOMONIC SIGNS<\/a><\/h3>\n<p>https:\/\/www.scribd.com\/document\/186626151\/Pathognomonic-Signs-of-Diseases<\/p>\n<p>https:\/\/apk4ever.club\/page\/com.andromo.dev677250.app825166<\/p>\n<p>https:\/\/play.google.com\/store\/apps\/details?id=com.andromo.dev677250.app825166&#038;hl=en_US<\/p>\n<div id=\"booksTitle\" class=\"feature\" data-feature-name=\"booksTitle\" data-cel-widget=\"booksTitle\">\n<div class=\"a-section a-spacing-none\">\n<h1 id=\"title\" class=\"a-size-large a-spacing-none\"><a href=\"https:\/\/www.amazon.ca\/Pathognomonic-Signs-V-K-Pillay\/dp\/0805949739\" target=\"_blank\" rel=\"noopener noreferrer\"><span id=\"productTitle\" class=\"a-size-large\">Pathognomonic Signs<\/span> <span class=\"a-size-medium a-color-secondary a-text-normal\">Paperback<\/span><\/a> <span class=\"a-size-medium a-color-secondary a-text-normal\">\u2013 Jul 1 2001<\/span>by <span class=\"author notFaded\" data-width=\"\"> <a class=\"a-link-normal\" href=\"https:\/\/www.amazon.ca\/s\/ref=dp_byline_sr_book_1?ie=UTF8&amp;field-author=V.+K.+G.+Pillay&amp;search-alias=books-ca\">V. K. G. Pillay<\/a> <span class=\"contribution\"> <span class=\"a-color-secondary\">(Author)<\/span> <\/span> <\/span><\/h1>\n<\/div>\n<div data-cel-widget=\"bylineInfo\"><\/div>\n<\/div>\n<p>1. POChP (Przewlek\u0142a obturacyjna choroba p\u0142uc) COPD &#8211; Barrel-Chested (<a href=\"https:\/\/play.google.com\/store\/apps\/details?id=com.andromo.dev706301.app825005&amp;hl=uz\" target=\"_blank\" rel=\"noopener noreferrer\">beczkowata klatka piersiowa )<\/a><br \/>\n2. Pneumonia &#8211; Greenish Rusty Sputum<br \/>\n3. Niedokrwisto\u015b\u0107 z\u0142o\u015bliwa ( Pernicious Anemia) &#8211; Beefy Red Tongue (Schilling\u2019s Test)<br \/>\n4. Kawasaki Dieases &#8211; Strawberry Tongue <a href=\"https:\/\/play.google.com\/store\/apps\/details?id=com.andromo.dev706301.app825005&amp;hl=uz\" target=\"_blank\" rel=\"noopener noreferrer\">(truskawkowy j\u0119zyk)<\/a><br \/>\n5. Typhoid &#8211; Rose Spot<br \/>\n6. Tetany &#8211; Chvostek Sign (Muscle Twitching Face)<br \/>\n&#8211; Trosseau\u2019s Sign (Jerky Mov\u2019ts)<br \/>\n7. Pancreatitis &#8211; Cullen Sign (Bluish discoloration \u00a0periumbilical area)<br \/>\n8. Appendicitis &#8211; McBurney\u2019s Point (rebound tenderness)<br \/>\n&#8211; Rovsing Sign (RLQ pain w\/ palpation inLLQ)<br \/>\n&#8211; Psoas Sign(pain on lying down putting pressure on MB pt)<br \/>\n9. Thrombophlebitis &#8211; Homan\u2019s Sign<br \/>\n10. Hepatitis &#8211; Icteric Sclera (yellowish discoloration of sclera)<br \/>\n11.<a href=\"https:\/\/play.google.com\/store\/apps\/details?id=com.andromo.dev706301.app825005&amp;hl=uz\" target=\"_blank\" rel=\"noopener noreferrer\"> Meningitis &#8211;<\/a> Burdzinski Sign (Pain on nape)<br \/>\n&#8211; Karnig Sign (pain on leg\/ knee area)<br \/>\n12. Pyloric Stenosis &#8211; Olive-Shaped Mass<br \/>\n13. Hyperthyroidism &#8211; Exopthalmus<br \/>\n14. Addison\u2019s Disease. &#8211; Bronze-like skin<br \/>\n15. Cushing Syndrome- Boffalo Hump (bawoli kark)<br \/>\n16. Cholera &#8211; Rice Watery Stool<br \/>\n17. SLE &#8211; Butterfly Rashes (rumie\u0144 w kszta\u0142cie motyla na nosie i policzkach)<br \/>\n18. Tr\u0105 (Leprosy) &#8211; lwia twarz Leoning Face (contracted face)<br \/>\n19. Bulimia Nervosa &#8211; Chipmunk Face<br \/>\n20. marsko\u015bc w\u0105troby (Liver Cirrhosis) &#8211; Spider Angioma (paj\u0105czki w\u0105trobowe)<br \/>\n21. Asthma &#8211; Wheezing Inspiration<br \/>\n22. Hyperpituitarism &#8211; CAROTENEMIA (Discoloration of skin)<br \/>\n&#8211; XANTHAMIA<br \/>\n23. Down Syndrome- Single Crease on Palm (bruzda poprzeczna d\u0142oni)<br \/>\n24.TOF &#8211; Ventricular Septal Defect , Pulmonary Stenosis<br \/>\nOverriding of Aorta , Right Ventricular Hypertrophy<br \/>\n25.za\u0107ma &#8211; Cataract &#8211; Blurry Vision \/ Hizzy Vision<br \/>\n26.jaskra &#8211; Glucoma &#8211; Tunnel-like Vision widzenie lunetowate<br \/>\n27. PTB &#8211; Low grade fever in a ternoon<br \/>\n28. Cholecystitis- Murphy\u2019s Sign (pain RUQ)<br \/>\n29. Myasthemia Gravis (MG) \u2013 Ptosis (inability to open upper eyelids) opadanie powieki g\u00f3rnej<br \/>\n30. Dengue &#8211; Petechiae<br \/>\n31. Parkinson\u2019s Diease. &#8211; Pill Rolling Tremors (rolowanie pigu\u0142ek &#8211; liczenie pieni\u0119dzy)<br \/>\n32. Odra (Measles) -plamki Koplika( Koplick\u2019s Spot)<\/p>\n<p>https:\/\/www.scribd.com\/document\/49773406\/Pathognomonic-Signs-of-Diseases<\/p>\n<p><iframe loading=\"lazy\" class=\"scribd_iframe_embed\" src=\"https:\/\/www.scribd.com\/embeds\/102456109\/content\" scrolling=\"no\" id=\"102456109\" width=\"584\" height=\"876\" frameborder=\"0\"><\/iframe><script type=\"text\/javascript\">          (function() { var scribd = document.createElement(\"script\"); scribd.type = \"text\/javascript\"; scribd.async = true; scribd.src = \"https:\/\/www.scribd.com\/javascripts\/embed_code\/inject.js\"; var s = document.getElementsByTagName(\"script\")[0]; s.parentNode.insertBefore(scribd, s); })()        <\/script><\/p>\n<p>https:\/\/play.google.com\/store\/apps\/details?id=com.andromo.dev706301.app825005&#038;hl=uz<\/p>\n<p>&nbsp;<\/p>\n<p>&nbsp;<\/p>\n<p><strong>Przydatne podr\u0119czniki ze zdj\u0119ciami objaw\u00f3w przedmiotowych:<\/strong><\/p>\n<p>F.W. Tischendorf &#8211; Od objawu do rozpoznania &#8211; Medycyna Praktyczna 1999<\/p>\n<p>M. Zatouroff &#8211; Objawy fizykalne Rozpoznanie w kolorze PZWL1977<\/p>\n<p>Ciekawy artyku\u0142 na temat &#8220;przediagnozowania w medycynie&#8221;. Zwraca uwag\u0119 na r\u00f3\u017cne typy stawiania diagnozy. Objawom patognomonicznym raczej bli\u017cej do Strassen diagnose z metod\u0105 dedukcji Kartezjusza.<\/p>\n<h1><a href=\"https:\/\/www.mp.pl\/pediatria\/artykuly-wytyczne\/artykuly-przegladowe\/119440,kiedy-usilne-dazenie-do-rozpoznania-bardziej-szkodzi-niz-pomaga\" target=\"_blank\" rel=\"noopener noreferrer\">Kiedy usilne d\u0105\u017cenie do rozpoznania bardziej szkodzi ni\u017c pomaga <strong>prof. dr hab. n. med. Jacek J. Pietrzyk<\/strong> Klinika Chor\u00f3b Dzieci Collegium Medicum Uniwersytetu Jagiello\u0144skiego w Krakowie &#8211; Medycyna Praktyczna 17.08.2015<\/a><\/h1>\n<p>&nbsp;<\/p>\n<p>&nbsp;<\/p>\n","protected":false},"excerpt":{"rendered":"<p>Termin OBJAW PATOGNOMONICZNY (znamienny) (Pathognomonic sign or symptom) oznacza objaw chorobowy, kt\u00f3ry wyst\u0119puje tylko w jednej chorobie. Jego znalezienie jest r\u00f3wnoznaczne z rozpoznaniem danej jednostki chorobowej u pacjenta. R\u00f3\u017cnica w terminologii angloj\u0119zycznej wynika z tego, \u017ce lekarze u\u017cywaj\u0105 oddzielnie dw\u00f3ch &hellip; <a href=\"https:\/\/www.dr-mamczur.pl\/blog\/trudne-przypadki-chorobowe\/internetowe-bazy-wiedzy\/diagnozowarki\/objawy-patognomoniczne\/\">Czytaj dalej <span class=\"meta-nav\">&rarr;<\/span><\/a><\/p>\n","protected":false},"author":1,"featured_media":0,"parent":3410,"menu_order":0,"comment_status":"closed","ping_status":"closed","template":"","meta":[],"_links":{"self":[{"href":"https:\/\/www.dr-mamczur.pl\/blog\/wp-json\/wp\/v2\/pages\/3714"}],"collection":[{"href":"https:\/\/www.dr-mamczur.pl\/blog\/wp-json\/wp\/v2\/pages"}],"about":[{"href":"https:\/\/www.dr-mamczur.pl\/blog\/wp-json\/wp\/v2\/types\/page"}],"author":[{"embeddable":true,"href":"https:\/\/www.dr-mamczur.pl\/blog\/wp-json\/wp\/v2\/users\/1"}],"replies":[{"embeddable":true,"href":"https:\/\/www.dr-mamczur.pl\/blog\/wp-json\/wp\/v2\/comments?post=3714"}],"version-history":[{"count":12,"href":"https:\/\/www.dr-mamczur.pl\/blog\/wp-json\/wp\/v2\/pages\/3714\/revisions"}],"predecessor-version":[{"id":3745,"href":"https:\/\/www.dr-mamczur.pl\/blog\/wp-json\/wp\/v2\/pages\/3714\/revisions\/3745"}],"up":[{"embeddable":true,"href":"https:\/\/www.dr-mamczur.pl\/blog\/wp-json\/wp\/v2\/pages\/3410"}],"wp:attachment":[{"href":"https:\/\/www.dr-mamczur.pl\/blog\/wp-json\/wp\/v2\/media?parent=3714"}],"curies":[{"name":"wp","href":"https:\/\/api.w.org\/{rel}","templated":true}]}}