




{"id":3466,"date":"2019-04-28T19:13:15","date_gmt":"2019-04-28T19:13:15","guid":{"rendered":"https:\/\/www.dr-mamczur.pl\/blog\/?page_id=3466"},"modified":"2019-04-28T19:13:18","modified_gmt":"2019-04-28T19:13:18","slug":"szpitale-lodz-i-inne","status":"publish","type":"page","link":"https:\/\/www.dr-mamczur.pl\/blog\/trudne-przypadki-chorobowe\/szpitale-lodz-i-inne\/","title":{"rendered":"Szpitale \u0141\u00f3d\u017a i inne"},"content":{"rendered":"","protected":true},"excerpt":{"rendered":"","protected":true},"author":1,"featured_media":0,"parent":21,"menu_order":0,"comment_status":"closed","ping_status":"closed","template":"","meta":[],"_links":{"self":[{"href":"https:\/\/www.dr-mamczur.pl\/blog\/wp-json\/wp\/v2\/pages\/3466"}],"collection":[{"href":"https:\/\/www.dr-mamczur.pl\/blog\/wp-json\/wp\/v2\/pages"}],"about":[{"href":"https:\/\/www.dr-mamczur.pl\/blog\/wp-json\/wp\/v2\/types\/page"}],"author":[{"embeddable":true,"href":"https:\/\/www.dr-mamczur.pl\/blog\/wp-json\/wp\/v2\/users\/1"}],"replies":[{"embeddable":true,"href":"https:\/\/www.dr-mamczur.pl\/blog\/wp-json\/wp\/v2\/comments?post=3466"}],"version-history":[{"count":1,"href":"https:\/\/www.dr-mamczur.pl\/blog\/wp-json\/wp\/v2\/pages\/3466\/revisions"}],"predecessor-version":[{"id":3467,"href":"https:\/\/www.dr-mamczur.pl\/blog\/wp-json\/wp\/v2\/pages\/3466\/revisions\/3467"}],"up":[{"embeddable":true,"href":"https:\/\/www.dr-mamczur.pl\/blog\/wp-json\/wp\/v2\/pages\/21"}],"wp:attachment":[{"href":"https:\/\/www.dr-mamczur.pl\/blog\/wp-json\/wp\/v2\/media?parent=3466"}],"curies":[{"name":"wp","href":"https:\/\/api.w.org\/{rel}","templated":true}]}}