




{"id":1955,"date":"2015-03-22T07:27:11","date_gmt":"2015-03-22T07:27:11","guid":{"rendered":"https:\/\/www.dr-mamczur.pl\/blog\/?page_id=1955"},"modified":"2015-03-22T08:13:58","modified_gmt":"2015-03-22T08:13:58","slug":"internetowe-bazy-wiedzy","status":"publish","type":"page","link":"https:\/\/www.dr-mamczur.pl\/blog\/trudne-przypadki-chorobowe\/internetowe-bazy-wiedzy\/","title":{"rendered":"Internetowe bazy wiedzy"},"content":{"rendered":"<p>Analiza <a title=\"trudne przypadki\" href=\"https:\/\/www.dr-mamczur.pl\/blog\/?page_id=21\" target=\"_blank\">trudnych przypadk\u00f3w<\/a> wymaga du\u017cej ilo\u015bci r\u00f3\u017cnorodnych informacji.<\/p>\n<p>Znale\u017a\u0107 je mo\u017cna m. inn. w Internecie.<\/p>\n<p>1. <a title=\"Atlasy i grafiki\" href=\"https:\/\/www.dr-mamczur.pl\/blog\/?page_id=1959\" target=\"_blank\">Atlasy i grafiki<\/a><\/p>\n<p>2. Bazy wiedzy medycznej<\/p>\n<p>a) og\u00f3lne<\/p>\n<p>b) wg specjalizacji<\/p>\n<p>c) <a title=\"rzadkie choroby\" href=\"https:\/\/www.dr-mamczur.pl\/blog\/?page_id=1962\" target=\"_blank\">rzadkie choroby<\/a><\/p>\n<p>3. Diagnostyka r\u00f3\u017cnicowa<\/p>\n<p>4. Laboratoria i Pracownie diagnostyczne<\/p>\n<p>5. Towarzystwa naukowe<\/p>\n<p>&nbsp;<\/p>\n<p>&nbsp;<\/p>\n","protected":false},"excerpt":{"rendered":"<p>Analiza trudnych przypadk\u00f3w wymaga du\u017cej ilo\u015bci r\u00f3\u017cnorodnych informacji. Znale\u017a\u0107 je mo\u017cna m. inn. w Internecie. 1. Atlasy i grafiki 2. Bazy wiedzy medycznej a) og\u00f3lne b) wg specjalizacji c) rzadkie choroby 3. Diagnostyka r\u00f3\u017cnicowa 4. Laboratoria i Pracownie diagnostyczne 5. &hellip; <a href=\"https:\/\/www.dr-mamczur.pl\/blog\/trudne-przypadki-chorobowe\/internetowe-bazy-wiedzy\/\">Czytaj dalej <span class=\"meta-nav\">&rarr;<\/span><\/a><\/p>\n","protected":false},"author":1,"featured_media":0,"parent":21,"menu_order":0,"comment_status":"closed","ping_status":"closed","template":"","meta":[],"_links":{"self":[{"href":"https:\/\/www.dr-mamczur.pl\/blog\/wp-json\/wp\/v2\/pages\/1955"}],"collection":[{"href":"https:\/\/www.dr-mamczur.pl\/blog\/wp-json\/wp\/v2\/pages"}],"about":[{"href":"https:\/\/www.dr-mamczur.pl\/blog\/wp-json\/wp\/v2\/types\/page"}],"author":[{"embeddable":true,"href":"https:\/\/www.dr-mamczur.pl\/blog\/wp-json\/wp\/v2\/users\/1"}],"replies":[{"embeddable":true,"href":"https:\/\/www.dr-mamczur.pl\/blog\/wp-json\/wp\/v2\/comments?post=1955"}],"version-history":[{"count":5,"href":"https:\/\/www.dr-mamczur.pl\/blog\/wp-json\/wp\/v2\/pages\/1955\/revisions"}],"predecessor-version":[{"id":1964,"href":"https:\/\/www.dr-mamczur.pl\/blog\/wp-json\/wp\/v2\/pages\/1955\/revisions\/1964"}],"up":[{"embeddable":true,"href":"https:\/\/www.dr-mamczur.pl\/blog\/wp-json\/wp\/v2\/pages\/21"}],"wp:attachment":[{"href":"https:\/\/www.dr-mamczur.pl\/blog\/wp-json\/wp\/v2\/media?parent=1955"}],"curies":[{"name":"wp","href":"https:\/\/api.w.org\/{rel}","templated":true}]}}