




{"id":19,"date":"2011-07-20T19:31:23","date_gmt":"2011-07-20T19:31:23","guid":{"rendered":"http:\/\/www.dariusz-mamczur.dr-mamczur.pl\/?page_id=19"},"modified":"2025-05-23T09:10:42","modified_gmt":"2025-05-23T07:10:42","slug":"nefrologia","status":"publish","type":"page","link":"https:\/\/www.dr-mamczur.pl\/blog\/nefrologia\/","title":{"rendered":"NEFROLOGIA"},"content":{"rendered":"<h1><a title=\"Nefrolog Dariusz Mamczur\" href=\"https:\/\/www.dr-mamczur.pl\/nefrologiczny.html\" target=\"_blank\" rel=\"noopener\">Nefrologia -Choroby nerek<\/a><\/h1>\n<p><a href=\"https:\/\/odieciewgabinecie.pzh.gov.pl\/\" target=\"_blank\" rel=\"noopener\">O diecie w gabinecie wg PZH<\/a><\/p>\n<p><a href=\"https:\/\/odieciewgabinecie.pzh.gov.pl\/wp-content\/uploads\/dlm_uploads\/2024\/09\/zalecenia_dietetycy_dieta-niskobialkowa.pdf\" target=\"_blank\" rel=\"noopener\">Dieta w PChN &#8211; portal PZH &#8220;O diecie w gabinecie&#8221;<\/a> dieta niskobia\u0142kowa<\/p>\n<p>5 WOJSKOWY SZPITAL KLINICZNY Z POLIKLINIK\u0104 W KRAKOWIE<br \/>\n<a href=\"https:\/\/5wszk.com.pl\/strona\/1181-zalecenia-zywieniowe\" target=\"_blank\" rel=\"noopener\">ZALECENIA \u017bYWIENIOWE W PRZEWLEK\u0141EJ NIEWYDOLNO\u015aCI NEREK<\/a><\/p>\n<p><a href=\"https:\/\/www.google.com\/url?sa=t&amp;source=web&amp;rct=j&amp;opi=89978449&amp;url=https:\/\/journals.viamedica.pl\/renal_disease_and_transplant\/article\/download\/66919\/49765&amp;ved=2ahUKEwih-ZyI1eOLAxVjHhAIHfhPC2gQFnoECBgQAQ&amp;usg=AOvVaw3iydFdusRM248cRbJPu44K\" target=\"_blank\" rel=\"noopener\">Zasady \u017cywienia w przewlek\u0142ej chorobie nerek <\/a>\u2014 stanowisko Grupy Roboczej<br \/>\nPolskiego Towarzystwa Nefrologicznego Forum Nefrologiczne<br \/>\n2019, tom 12, nr 4, 240\u2013278<\/p>\n<p><a href=\"https:\/\/moje-nerki.pl\/abc-zywienia-pchn-w-okresie-przeddializacyjnym\/\" target=\"_blank\" rel=\"noopener\">ABC \u017bywienie w PChN<\/a> &#8211; <a role=\"link\" href=\"https:\/\/moje-nerki.pl\/\">Og\u00f3lnopolskie Stowarzyszenie Moje Nerki<\/a><\/p>\n<p><strong>stadium 1<\/strong> &#8211; <a href=\"https:\/\/moje-nerki.pl\/abc-zywienia-pchn-w-okresie-przeddializacyjnym\/\" target=\"_blank\" rel=\"noopener\">okres przeddializacyjny<\/a><\/p>\n<p><strong>stadium 3-5<\/strong> <a href=\"https:\/\/moje-nerki.pl\/poprawa-zdrowia-dzieki-diecie-przyjaznej-dla-nerek\/\" target=\"_blank\" rel=\"noopener\">PChN<\/a><\/p>\n<p><a href=\"https:\/\/moje-nerki.pl\/zywienie-w-okresie-leczenia-nerkozastepczeg-hemodializa-i-dializa-otrzewnowa\/\" target=\"_blank\" rel=\"noopener\"><strong>dializoterapia<\/strong><\/a><\/p>\n<p>&nbsp;<\/p>\n<h1><a href=\"https:\/\/pzwl.pl\/Kompletna-dieta-w-chorobach-nerek,223045872,p.html\" target=\"_blank\" rel=\"noopener\">Kompletna dieta w chorobach nerek<\/a> ksi\u0105\u017cka <span class=\"value\"> <a title=\"Emily Campbell\" href=\"https:\/\/pzwl.pl\/autor\/Emily-Campbell,a,228019290\">Emily Campbell<\/a> <\/span><\/h1>\n<h1>PZWL 2023<\/h1>\n<h1><a href=\"https:\/\/pzwl.pl\/Dieta-w-chorobach-nerek-przed-dializa,170729609,p.html\" target=\"_blank\" rel=\"noopener\">Dieta w chorobach nerek przed dializ\u0105<\/a> &#8211; PZWL2021 dr Barbara Pyszczuk<\/h1>\n<p>&nbsp;<\/p>\n<p>&nbsp;<\/p>\n<p><a href=\"https:\/\/ptnefro.com.pl\/o-ptn\" target=\"_blank\" rel=\"noopener\">Polskie Towarzystwo Nefrologiczne<\/a><\/p>\n<p><a title=\"Dr Mamczur\" href=\"https:\/\/www.dr-mamczur.pl\/\" target=\"_blank\" rel=\"noopener\">Gabinet<\/a><\/p>\n<p>Omawiaj\u0105c choroby nerek nale\u017cy zacz\u0105\u0107 od wyja\u015bnienia dw\u00f3ch r\u00f3wnoleg\u0142ych kierunk\u00f3w my\u015blenia nefrologa. M\u00f3wimy o r\u00f3\u017cnych przyczynach chor\u00f3b nerek oraz o efektach uszkodze\u0144 nerek na skutek tych chor\u00f3b. Im bardziej\u00a0 dochodzi do uszkodzenia nerek, zmniejszenia ich mi\u0105\u017cszu mamy w\u00f3wczas do czynienia z post\u0119puj\u0105c\u0105 (ostro lub przewlekle) niewydolno\u015bci\u0105 narz\u0105du. Obrazowo m\u00f3wi\u0105c &#8211; ka\u017cda choroba nerek wcze\u015bniej czy p\u00f3\u017aniej mo\u017ce (ale nie musi)\u00a0 sko\u0144czy\u0107 si\u0119 ich niewydolno\u015bci\u0105 i konieczno\u015bci dializ<\/p>\n<h2><strong>\u00a0Objawy i zespo\u0142y chorobowe<\/strong><\/h2>\n<h3><a title=\"Klinger - zesp\u00f3\u0142 nefrytyczny - nerczycowy\" href=\"https:\/\/www.dr-mamczur.pl\/blog\/?p=1760\" target=\"_blank\" rel=\"noopener\"><strong>Zesp\u00f3\u0142 nerczycowy i zesp\u00f3\u0142 nefrytyczny<\/strong> \u2013 od objawu do rozpoznania\u201d<\/a> &#8211; wyk\u0142ad pana profesora Mariana Klingera z Katedry i Kliniki Nefrologii i Medycyny Transplantacyjnej Uniwersytetu Medycznego we Wroc\u0142awiu z 2013 r pt. \u201d<\/h3>\n<h2>Przyczyny chor\u00f3b nerek<\/h2>\n<p>&nbsp;<\/p>\n<h2>Rodzaje i Stopnie niewydolno\u015bci nerek<\/h2>\n<p>Przewlek\u0142a niewydolno\u015b\u0107 nerek<\/p>\n<h2><a href=\"https:\/\/www.dr-mamczur.pl\/blog\/wp-content\/uploads\/2011\/07\/RKZ-w-PNN1.jpg\"><img loading=\"lazy\" class=\"aligncenter size-full wp-image-1767\" src=\"https:\/\/www.dr-mamczur.pl\/blog\/wp-content\/uploads\/2011\/07\/RKZ-w-PNN1.jpg\" alt=\"RKZ w PNN1\" width=\"550\" height=\"718\" srcset=\"https:\/\/www.dr-mamczur.pl\/blog\/wp-content\/uploads\/2011\/07\/RKZ-w-PNN1.jpg 550w, https:\/\/www.dr-mamczur.pl\/blog\/wp-content\/uploads\/2011\/07\/RKZ-w-PNN1-230x300.jpg 230w\" sizes=\"(max-width: 550px) 100vw, 550px\" \/><\/a><strong>Przewlek\u0142a choroba nerek<\/strong><\/h2>\n<p>&nbsp;<\/p>\n<h1 class=\" header-smaller-font\"><a href=\"https:\/\/www.mp.pl\/interna\/chapter\/B16.II.14.2\" target=\"_blank\" rel=\"noopener\">Przewlek\u0142a choroba nerek-Podr\u0119cznik Interna Prof Szczeklik<\/a><\/h1>\n<p><a href=\"https:\/\/odieciewgabinecie.pzh.gov.pl\/wp-content\/uploads\/dlm_uploads\/2024\/09\/zalecenia_dietetycy_dieta-niskobialkowa.pdf\" target=\"_blank\" rel=\"noopener\">Dieta w PChN &#8211; portal PZH &#8220;O diecie w gabinecie&#8221;<\/a><\/p>\n<p>&nbsp;<\/p>\n<p>Kalkulator progresji PChN &#8211;\u00a0<a href=\"https:\/\/kidneyfailurerisk.com\/\" target=\"_blank\" rel=\"noopener\">The Kidney Failure Risk Equation<\/a><\/p>\n<p><a href=\"https:\/\/www.mp.pl\/ksiegarnia\/produkt\/21178\/spis\">Diagnostyka i leczenie przewlek\u0142ej choroby nerek cz 1 &#8211; Medycyna Praktyczna 10-2024 r<\/a>.<\/p>\n<p><a href=\"https:\/\/www.mp.pl\/ksiegarnia\/produkt\/21179\/spis\" target=\"_blank\" rel=\"noopener\">Diagnostyka i leczenie przewlek\u0142ej choroby nerek &#8211; cz 2- Medycyna Praktyczna 11-2024<\/a><\/p>\n<h2><a title=\"PNN Stompor\" href=\"http:\/\/www.mp.pl\/wyklady_wideo\/interna\/interna2014\/show.html?id=102247\" target=\"_blank\" rel=\"noopener\">Post\u0119powanie w\u00a0przewlek\u0142ej chorobie nerek wed\u0142ug aktualnych wytycznych.\u201d\u00a0 Wyg\u0142osi\u0142 go Pan prof. n.med. Tomasz Stomp\u00f3r. <\/a><\/h2>\n<p><a title=\"PChN Stompor\" href=\"https:\/\/www.dr-mamczur.pl\/blog\/?p=1780\" target=\"_blank\" rel=\"noopener\">Wpis z 7.12.2014 Post\u0119powanie w przewlek\u0142ej chorobie nerek -prof T. Stomp\u00f3r<\/a><\/p>\n<p><a title=\"PChN Stompor\" href=\"https:\/\/www.dr-mamczur.pl\/blog\/?p=1780\" target=\"_blank\" rel=\"noopener\">\u00a0<\/a><\/p>\n<h2><strong>Diagnostyka chor\u00f3b nerek<\/strong><\/h2>\n<p><a title=\"autoprzeciwcia\u0142a w ChN\" href=\"https:\/\/www.dr-mamczur.pl\/blog\/?p=1860\" target=\"_blank\" rel=\"noopener\"><strong>Autoprzeciwcia\u0142a w chorobach nerek<\/strong> <\/a>&#8211; wpis z 6.1.2015<\/p>\n<h4 class=\"entry-title\"><a href=\"https:\/\/www.dr-mamczur.pl\/blog\/?p=2843\" target=\"_blank\" rel=\"noopener\"><strong>Nowe refundowane terapie raka nerki <\/strong><\/a>&#8211; wpis 23.7.2018<\/h4>\n","protected":false},"excerpt":{"rendered":"<p>Nefrologia -Choroby nerek O diecie w gabinecie wg PZH Dieta w PChN &#8211; portal PZH &#8220;O diecie w gabinecie&#8221; dieta niskobia\u0142kowa 5 WOJSKOWY SZPITAL KLINICZNY Z POLIKLINIK\u0104 W KRAKOWIE ZALECENIA \u017bYWIENIOWE W PRZEWLEK\u0141EJ NIEWYDOLNO\u015aCI NEREK Zasady \u017cywienia w przewlek\u0142ej chorobie &hellip; <a href=\"https:\/\/www.dr-mamczur.pl\/blog\/nefrologia\/\">Czytaj dalej <span class=\"meta-nav\">&rarr;<\/span><\/a><\/p>\n","protected":false},"author":1,"featured_media":0,"parent":0,"menu_order":3,"comment_status":"closed","ping_status":"closed","template":"","meta":[],"_links":{"self":[{"href":"https:\/\/www.dr-mamczur.pl\/blog\/wp-json\/wp\/v2\/pages\/19"}],"collection":[{"href":"https:\/\/www.dr-mamczur.pl\/blog\/wp-json\/wp\/v2\/pages"}],"about":[{"href":"https:\/\/www.dr-mamczur.pl\/blog\/wp-json\/wp\/v2\/types\/page"}],"author":[{"embeddable":true,"href":"https:\/\/www.dr-mamczur.pl\/blog\/wp-json\/wp\/v2\/users\/1"}],"replies":[{"embeddable":true,"href":"https:\/\/www.dr-mamczur.pl\/blog\/wp-json\/wp\/v2\/comments?post=19"}],"version-history":[{"count":19,"href":"https:\/\/www.dr-mamczur.pl\/blog\/wp-json\/wp\/v2\/pages\/19\/revisions"}],"predecessor-version":[{"id":7271,"href":"https:\/\/www.dr-mamczur.pl\/blog\/wp-json\/wp\/v2\/pages\/19\/revisions\/7271"}],"wp:attachment":[{"href":"https:\/\/www.dr-mamczur.pl\/blog\/wp-json\/wp\/v2\/media?parent=19"}],"curies":[{"name":"wp","href":"https:\/\/api.w.org\/{rel}","templated":true}]}}