




{"id":1668,"date":"2014-11-20T19:31:43","date_gmt":"2014-11-20T19:31:43","guid":{"rendered":"https:\/\/www.dr-mamczur.pl\/blog\/?page_id=1668"},"modified":"2025-01-05T09:14:33","modified_gmt":"2025-01-05T08:14:33","slug":"badania-diagnostyczne-nowe-technologie","status":"publish","type":"page","link":"https:\/\/www.dr-mamczur.pl\/blog\/medycyna-nowosci-i-przyszlosc\/badania-diagnostyczne-nowe-technologie\/","title":{"rendered":"Badania diagnostyczne &#8211; nowe technologie"},"content":{"rendered":"<p>W celu postawienia <a title=\"trudne przypadki\" href=\"https:\/\/www.dr-mamczur.pl\/blog\/?page_id=21\" target=\"_blank\" rel=\"noopener\">prawid\u0142owego rozpoznania<\/a> musimy zebra\u0107 jak najwi\u0119cej informacji na temat choroby pacjenta, kt\u00f3re p\u00f3\u017aniej wykorzystamy w diagnostyce r\u00f3\u017cnicowej.<\/p>\n<p>W zbieraniu informacji pomagaj\u0105 nam<strong> badania dodatkowe<\/strong> oraz <strong>inne nowoczesne technologie<\/strong> (np. informatyczne). Cz\u0119sto musimy skorzysta\u0107 z wykonania bada\u0144 dodatkowych. S\u0105 one pomocne w diagnostyce r\u00f3\u017cnicowej i ustaleniu ostatecznego rozpoznania. W chwili obecnej nie wystarcza tylko wywiad i badanie lekarskie.\u00a0 Szukamy bardziej obiektywnych i powtarzalnych metod, kt\u00f3re potwierdz\u0105 nasze przypuszczenia i pozwol\u0105 na w\u0142\u0105czenie celowanego leczenia oraz prognozowania zaawansowania i rokowania choroby.\u00a0 Post\u0119p w metodach diagnostycznych jest ogromny &#8211; od bada\u0144 genetycznych do bada\u0144 obrazowych. Badania statyczne, dynamiczne i prowokacyjne.<\/p>\n<p>Na tej stronie b\u0119d\u0119 si\u0119 stara\u0142 podawa\u0107 odno\u015bniki do wpis\u00f3w o najciekawszych metodach diagnostycznych , szczeg\u00f3lnie przydatnych w rozpoznawaniu trudnych przypadk\u00f3w. W nowych technologiach zawsze kryje si\u0119 ryzyko, \u017ce metody nie s\u0105 do ko\u0144ca sprawdzone, lub maj\u0105 wiele ogranicze\u0144. S\u0105 one te\u017c cz\u0119sto bardzo drogie. Na tej stronie b\u0119d\u0119 stara\u0142 si\u0119 podawa\u0107 najciekawsze metody z praktycznego punktu widzenia, w miar\u0119 mo\u017cliwo\u015bci podam te\u017c ich swoisto\u015b\u0107, czu\u0142o\u015b\u0107, ceny oraz\u00a0 producenta, dystrybutor\u00f3w lub laboratoria, kt\u00f3re je wykonuj\u0105.<\/p>\n<h2>\u00a0BADANIA<\/h2>\n<h2><strong>I. Badania laboratoryjne<\/strong><\/h2>\n<p><strong>A. genetyczne<\/strong><\/p>\n<blockquote class=\"wp-embedded-content\" data-secret=\"W5xno3WO0o\"><p><a href=\"https:\/\/dolinabiotechnologiczna.pl\/\">Strona g\u0142\u00f3wna<\/a><\/p><\/blockquote>\n<p><iframe class=\"wp-embedded-content\" sandbox=\"allow-scripts\" security=\"restricted\" style=\"position: absolute; clip: rect(1px, 1px, 1px, 1px);\" src=\"https:\/\/dolinabiotechnologiczna.pl\/embed\/#?secret=W5xno3WO0o\" data-secret=\"W5xno3WO0o\" width=\"584\" height=\"329\" title=\"&#8222;Strona g\u0142\u00f3wna&#8221; &#8212; Dolina Biotechnologiczna\" frameborder=\"0\" marginwidth=\"0\" marginheight=\"0\" scrolling=\"no\"><\/iframe><\/p>\n<p><span style=\"text-decoration: underline;\">Medycyna personalizowana<\/span> -wpis 5.11.2016<\/p>\n<p>Badania prenatalne \u2013 genetyka &#8211; <a href=\"https:\/\/www.dr-mamczur.pl\/blog\/?p=2393\" target=\"_blank\" rel=\"noopener\">wpis 31.10.16<\/a><\/p>\n<p><strong>CZD<\/strong> Warszawa- <a href=\"http:\/\/czd.pl\/index.php?option=com_content&amp;view=article&amp;id=122&amp;Itemid=75\" target=\"_blank\" rel=\"noopener\">pracownia genetyki molekularne<\/a>j<\/p>\n<p><a href=\"http:\/\/www.ipin.edu.pl\/uslugi-diagnostyczne\/zaklad-genetyki\/\" target=\"_blank\" rel=\"noopener\">Zak\u0142ad Genetyki Instytutu Psychiatrii i Neurologii Warszawa<\/a><\/p>\n<p><a href=\"https:\/\/synevo.pl\/kategoriabadan\/Genetyka-1410\/\" target=\"_blank\" rel=\"noopener\"><strong>Synevo &#8211; badania genetyczne<\/strong><\/a><\/p>\n<p><a href=\"http:\/\/salvemedica.pl\/badania-genetyczne\" target=\"_blank\" rel=\"noopener\"><strong>Salvemedica \u0141\u00f3d\u017a &#8211; badania genetyczne<\/strong><\/a><\/p>\n<p><strong>Wpis 31.10.2016 &#8211; <a href=\"https:\/\/www.dr-mamczur.pl\/blog\/?p=2393\" target=\"_blank\" rel=\"noopener\">Badania prenatalne &#8211; genetyka<\/a><\/strong><\/p>\n<p>Wpis 7.9.2016 <a title=\"Bezpo\u015bredni odno\u015bnik do Rzadkie choroby \u2013 genetyka\" href=\"https:\/\/www.dr-mamczur.pl\/blog\/?p=2276\" target=\"_blank\" rel=\"bookmark noopener\">Rzadkie choroby \u2013 genetyka<\/a><\/p>\n<p>&nbsp;<\/p>\n<p>Ksi\u0105\u017cka-Euan Angus Ashley &#8211; Geny. Tajemnice i niesamowita opowie\u015b\u0107 o ich wyja\u015bnianiu.<\/p>\n<p>The Genome odyssey. Wydawnictwo Fillia Pozna\u0144 2021<\/p>\n<p><a href=\"https:\/\/www.dr-mamczur.pl\/blog\/wp-content\/uploads\/2025\/01\/E-A-Ashhley-Geny-Medyczne-tajemnice.jpg\"><img loading=\"lazy\" class=\"alignnone  wp-image-7109\" src=\"https:\/\/www.dr-mamczur.pl\/blog\/wp-content\/uploads\/2025\/01\/E-A-Ashhley-Geny-Medyczne-tajemnice-674x1024.jpg\" alt=\"\" width=\"336\" height=\"506\" \/><\/a><\/p>\n<h3><strong>B.Biochemiczne<\/strong><\/h3>\n<p><strong>CZD<\/strong>&#8211;<a href=\"http:\/\/czd.pl\/index.php?option=com_content&amp;view=article&amp;id=234&amp;Itemid=322\" target=\"_blank\" rel=\"noopener\">Pracownia Bada\u0144 Radioimmunologicznych i Biochemi<\/a>i<\/p>\n<p>wpis 09.12.2016 &#8211; <a href=\"https:\/\/www.dr-mamczur.pl\/blog\/?p=2558\" target=\"_blank\" rel=\"noopener\">Kwasy organiczne w moczu<\/a><\/p>\n<p>Czytnik glikemii nn-stop -firy Abott -Free style Lbre <a href=\"https:\/\/www.dr-mamczur.pl\/blog\/?p=2415\" target=\"_blank\" rel=\"noopener\">Wpis &#8211; 4.11.2016<\/a>&#8211;<\/p>\n<h1 class=\"entry-title\">Badanie zapachu cz\u0142owieka w profilaktyce i rozpoznawaniu chor\u00f3b? GC\/MS &#8211; <a href=\"https:\/\/www.dr-mamczur.pl\/blog\/2022\/badanie-zapachu-czlowieka-w-profilaktyce-i-rozpoznawaniu-chorob\/\" target=\"_blank\" rel=\"noopener\">wpis 20-19-2022<\/a><\/h1>\n<blockquote class=\"wp-embedded-content\" data-secret=\"osbldwT2pk\"><p><a href=\"https:\/\/www.dr-mamczur.pl\/blog\/2022\/badanie-zapachu-czlowieka-w-profilaktyce-i-rozpoznawaniu-chorob\/\">Badanie zapachu cz\u0142owieka w profilaktyce i rozpoznawaniu chor\u00f3b? GC\/MS.<\/a><\/p><\/blockquote>\n<p><iframe class=\"wp-embedded-content\" sandbox=\"allow-scripts\" security=\"restricted\" style=\"position: absolute; clip: rect(1px, 1px, 1px, 1px);\" title=\"&#8222;Badanie zapachu cz\u0142owieka w profilaktyce i rozpoznawaniu chor\u00f3b? GC\/MS.&#8221; &#8212; Dariusz Mamczur\" src=\"https:\/\/www.dr-mamczur.pl\/blog\/2022\/badanie-zapachu-czlowieka-w-profilaktyce-i-rozpoznawaniu-chorob\/embed\/#?secret=osbldwT2pk\" data-secret=\"osbldwT2pk\" width=\"584\" height=\"329\" frameborder=\"0\" marginwidth=\"0\" marginheight=\"0\" scrolling=\"no\"><\/iframe><\/p>\n<p>&nbsp;<\/p>\n<p>&nbsp;<\/p>\n<p><a href=\"https:\/\/www.owlstonemedical.com\/omni\" target=\"_blank\" rel=\"noopener\">Breath Biopsy OMNI<\/a>&#8211; badanie w wydychanym powietrzu met. GC\/MS (jest ok. 1000 substancji w wydychanym powietrzu) &#8211; start-up ma sw\u00f3j atlas chor\u00f3b<\/p>\n<p><a href=\"https:\/\/www.dr-mamczur.pl\/blog\/wp-content\/uploads\/2022\/12\/breathalyzer1.jpg\"><img loading=\"lazy\" class=\"alignnone size-medium wp-image-6709 aligncenter\" src=\"https:\/\/www.dr-mamczur.pl\/blog\/wp-content\/uploads\/2022\/12\/breathalyzer1-300x169.jpg\" alt=\"\" width=\"300\" height=\"169\" srcset=\"https:\/\/www.dr-mamczur.pl\/blog\/wp-content\/uploads\/2022\/12\/breathalyzer1-300x169.jpg 300w, https:\/\/www.dr-mamczur.pl\/blog\/wp-content\/uploads\/2022\/12\/breathalyzer1-1024x576.jpg 1024w, https:\/\/www.dr-mamczur.pl\/blog\/wp-content\/uploads\/2022\/12\/breathalyzer1-768x432.jpg 768w, https:\/\/www.dr-mamczur.pl\/blog\/wp-content\/uploads\/2022\/12\/breathalyzer1-500x281.jpg 500w, https:\/\/www.dr-mamczur.pl\/blog\/wp-content\/uploads\/2022\/12\/breathalyzer1.jpg 1280w\" sizes=\"(max-width: 300px) 100vw, 300px\" \/><\/a><\/p>\n<p><strong>C. Markery<\/strong><\/p>\n<p>1.\u00a0 Nieswoiste zapalenia jelit<\/p>\n<p>2. Zapalenie trzustki<\/p>\n<h3><strong>3. Onkologia<\/strong><\/h3>\n<p>a) Rak jajnika &#8211; <strong>algorytm ROMA<\/strong> &#8211;<a href=\"https:\/\/www.dr-mamczur.pl\/blog\/?p=2269\" target=\"_blank\" rel=\"noopener\">wpis -04.09.2016 ROMA<\/a><\/p>\n<p>Wpis -20.11.14 &#8211;<a title=\"klaprotektyna\" href=\"Nieswoiste%20zapalenia jelit \u2013 kalprotektyna\" target=\"_blank\" rel=\"noopener\">Nieswoiste zapalenia jelit \u2013 kalprotektyna<\/a><\/p>\n<p>&nbsp;<\/p>\n<h2><strong>II. Badania obrazowe<\/strong><\/h2>\n<p>1<strong>. Radiologia<\/strong><\/p>\n<p><strong>Rezonans magnetyczny<\/strong> &#8211;<\/p>\n<p>Wpis 6.11.2016 &#8211;<a href=\"https:\/\/www.dr-mamczur.pl\/blog\/?p=2439\" target=\"_blank\" rel=\"noopener\"><strong>Beztubowy rezonans magnetyczny<\/strong><\/a><\/p>\n<p>2. USG<\/p>\n<p>3. Izotopowe<\/p>\n<h2>III. Nanotechnologie<\/h2>\n<h2>IV. Histopatologia<\/h2>\n<p>&nbsp;<\/p>\n<h2><strong>\u00a0Nowoczesne technologie w diagnostyce r\u00f3\u017cnicowej<\/strong><\/h2>\n<p>1. GPS<\/p>\n<p>2. Mapy Google (gdzie mieszka pacjent, otoczenie, zak\u0142ady przemys\u0142owe, rzeki, itp)<\/p>\n<p>&nbsp;<\/p>\n<p><strong>TECHNOLOGIE PRZYSZ\u0141O\u015aCI<\/strong><\/p>\n<p>&#8220;<a href=\"https:\/\/www.netflix.com\/pl\/title\/81123425\" target=\"_blank\" rel=\"noopener\">Wizje przysz\u0142o\u015bci<\/a>&#8221; serial 12 odc. Netflix -2022<\/p>\n<p><a href=\"https:\/\/chat.openai.com\/auth\/login\" target=\"_blank\" rel=\"noopener\">chat GPT<\/a> &#8211; nowoczesny chatbot\u00a0 AI &#8211; tak\u017ce w medycynie<\/p>\n<h1 class=\"c-head_hed speakableText\"><a href=\"https:\/\/www.cnet.com\/tech\/computing\/startup-packs-all-16gb-wikipedia-onto-dna-strands-demonstrate-new-storage-tech\/\" target=\"_blank\" rel=\"noopener\">Startup packs all 16GB of Wikipedia onto DNA<\/a> &#8211;<strong> (zamiast systemu 0-1, b\u0119dzie mo\u017cna wykorzysta\u0107 do przechowywania danych technologie genetyczn\u0105 (DNA)<\/strong><\/h1>\n<p class=\"productBaseInfo__title ta-product-title\"><a href=\"https:\/\/www.empik.com\/sztuczna-inteligencja-2041-lee-kai-fu,p1320165509,ksiazka-p?cq_src=google_ads&amp;cq_cmp=14064729746&amp;cq_term=&amp;cq_plac=&amp;cq_net=u&amp;cq_plt=gp&amp;gclid=EAIaIQobChMIgrCzzO6y_AIVmgWiAx0VAg_5EAQYASABEgK4w_D_BwE&amp;gclsrc=aw.ds\" target=\"_blank\" rel=\"noopener\"><strong>Sztuczna inteligencja 2041<\/strong><\/a> Kai-Fu Lee &#8211; ksi\u0105\u017cka fantastyczna z naukowym komentarzem<\/p>\n<p>&nbsp;<\/p>\n<p><strong>START-UP w Medycynie<\/strong><\/p>\n<p>Raporty Naczelnej Izby Lekarskiej &#8211;<\/p>\n<p><a href=\"https:\/\/aiwzdrowiu.pl\/\" target=\"_blank\" rel=\"noopener\">AI w Zdrowiu<\/a> &#8211;<strong>KOALICJA AI W ZDROWIU <\/strong>Liderka: Ligia KornowskaTel: +48 690 875 075<\/p>\n<div class=\"fusion-text fusion-text-86\">\n<div>Email: biuro@aiwzdrowiu.pl<\/div>\n<\/div>\n<p><a href=\"https:\/\/aiwzdrowiu.pl\/wp-content\/uploads\/2022\/06\/BIA_A-KSIE_GA_AI-W-ZDROWIU_2022.pdf\" target=\"_blank\" rel=\"noopener\">Bia\u0142a ksi\u0119ga AI w praktyce klinicznej\u00a0<\/a><\/p>\n<h1 class=\"title-heading-left fusion-responsive-typography-calculated\" data-fontsize=\"43.2\" data-lineheight=\"60.4833px\"><strong>(opracowana przez AI w Zdrowiu)<\/strong><\/h1>\n<h1 class=\"title-heading-left fusion-responsive-typography-calculated\" data-fontsize=\"43.2\" data-lineheight=\"60.4833px\"><strong><a href=\"https:\/\/nil.org.pl\/uploaded_files\/art_1655731803_raport-top-disruptors-in-healthcare.pdf\" target=\"_blank\" rel=\"noopener\">Top Disruptors in Healthcare<\/a> &#8211; przegl\u0105d innowacyjnych start-up\u00f3w medycznych (opracowany przez AI w Zdrowiu)<br \/>\n<\/strong><\/h1>\n<p><a href=\"https:\/\/nil.org.pl\/dzialalnosc\/osrodki\/centralny-osrodek-badan-innowacji-i-ksztalcenia-cobik-nil\/centrum-innowacji-i-telemedycyny\/nil-in-spolecznosc-lekarzy-innowatorow\" target=\"_blank\" rel=\"noopener\">NIL IN<\/a><\/p>\n<p>&nbsp;<\/p>\n<p>&nbsp;<\/p>\n<p>&nbsp;<\/p>\n<p>&nbsp;<\/p>\n<p>&nbsp;<\/p>\n<p>&nbsp;<\/p>\n<p>&nbsp;<\/p>\n<p>&nbsp;<\/p>\n<p>&nbsp;<\/p>\n","protected":false},"excerpt":{"rendered":"<p>W celu postawienia prawid\u0142owego rozpoznania musimy zebra\u0107 jak najwi\u0119cej informacji na temat choroby pacjenta, kt\u00f3re p\u00f3\u017aniej wykorzystamy w diagnostyce r\u00f3\u017cnicowej. W zbieraniu informacji pomagaj\u0105 nam badania dodatkowe oraz inne nowoczesne technologie (np. informatyczne). Cz\u0119sto musimy skorzysta\u0107 z wykonania bada\u0144 dodatkowych. &hellip; <a href=\"https:\/\/www.dr-mamczur.pl\/blog\/medycyna-nowosci-i-przyszlosc\/badania-diagnostyczne-nowe-technologie\/\">Czytaj dalej <span class=\"meta-nav\">&rarr;<\/span><\/a><\/p>\n","protected":false},"author":1,"featured_media":0,"parent":2420,"menu_order":0,"comment_status":"closed","ping_status":"closed","template":"","meta":[],"_links":{"self":[{"href":"https:\/\/www.dr-mamczur.pl\/blog\/wp-json\/wp\/v2\/pages\/1668"}],"collection":[{"href":"https:\/\/www.dr-mamczur.pl\/blog\/wp-json\/wp\/v2\/pages"}],"about":[{"href":"https:\/\/www.dr-mamczur.pl\/blog\/wp-json\/wp\/v2\/types\/page"}],"author":[{"embeddable":true,"href":"https:\/\/www.dr-mamczur.pl\/blog\/wp-json\/wp\/v2\/users\/1"}],"replies":[{"embeddable":true,"href":"https:\/\/www.dr-mamczur.pl\/blog\/wp-json\/wp\/v2\/comments?post=1668"}],"version-history":[{"count":19,"href":"https:\/\/www.dr-mamczur.pl\/blog\/wp-json\/wp\/v2\/pages\/1668\/revisions"}],"predecessor-version":[{"id":7110,"href":"https:\/\/www.dr-mamczur.pl\/blog\/wp-json\/wp\/v2\/pages\/1668\/revisions\/7110"}],"up":[{"embeddable":true,"href":"https:\/\/www.dr-mamczur.pl\/blog\/wp-json\/wp\/v2\/pages\/2420"}],"wp:attachment":[{"href":"https:\/\/www.dr-mamczur.pl\/blog\/wp-json\/wp\/v2\/media?parent=1668"}],"curies":[{"name":"wp","href":"https:\/\/api.w.org\/{rel}","templated":true}]}}