




{"id":1477,"date":"2014-02-27T11:24:55","date_gmt":"2014-02-27T11:24:55","guid":{"rendered":"https:\/\/www.dr-mamczur.pl\/blog\/?page_id=1477"},"modified":"2021-05-17T02:00:06","modified_gmt":"2021-05-17T00:00:06","slug":"wszyscy-klamia-mozliwe-bledy-przy-zbieraniu-wywiadu-lekarskiego","status":"publish","type":"page","link":"https:\/\/www.dr-mamczur.pl\/blog\/trudne-przypadki-chorobowe\/wszyscy-klamia-mozliwe-bledy-przy-zbieraniu-wywiadu-lekarskiego\/","title":{"rendered":"&#8220;Wszyscy k\u0142ami\u0105&#8221; &#8211; mo\u017cliwe b\u0142\u0119dy przy zbieraniu wywiadu lekarskiego"},"content":{"rendered":"<h1><strong>Dlaczego pacjenci nie m\u00f3wi\u0105 prawdy<\/strong><\/h1>\n<p>W filmie \u201eDr House\u201d cz\u0119sto pojawia si\u0119 powiedzenie \u201e <strong>wszyscy \u00a0k\u0142ami\u0105<\/strong>\u201d.<\/p>\n<p><a href=\"https:\/\/www.dr-mamczur.pl\/blog\/2017\/lekarze-takze-czasem-mijaja-sie-z-prawda\/pinokio\/\" rel=\"attachment wp-att-2765\"><img loading=\"lazy\" class=\"wp-image-2765 alignleft\" src=\"https:\/\/www.dr-mamczur.pl\/blog\/wp-content\/uploads\/2017\/11\/Pinokio.jpg\" alt=\"\" width=\"230\" height=\"173\" srcset=\"https:\/\/www.dr-mamczur.pl\/blog\/wp-content\/uploads\/2017\/11\/Pinokio.jpg 960w, https:\/\/www.dr-mamczur.pl\/blog\/wp-content\/uploads\/2017\/11\/Pinokio-300x225.jpg 300w, https:\/\/www.dr-mamczur.pl\/blog\/wp-content\/uploads\/2017\/11\/Pinokio-768x576.jpg 768w\" sizes=\"(max-width: 230px) 100vw, 230px\" \/><\/a><\/p>\n<p>Rzeczywi\u015bcie takie zjawisko cz\u0119sto wyst\u0119puje w pracy lekarza. Ma to miejsce podczas zbierania wywiadu. Dotyczy to informacji uzyskanych od pacjent\u00f3w, ich rodziny oraz os\u00f3b kt\u00f3rymi maj\u0105 oni styczno\u015b\u0107 (tak\u017ce personel medyczny).\u00a0 Chorzy i otoczenie mog\u0105 wprowadzi\u0107 lekarza w b\u0142\u0105d \u015bwiadomie lub nie zdaj\u0105c sobie z tego sprawy. Mog\u0105 zatai\u0107 pewne wa\u017cne fakty. Osoby te podaj\u0105 \u00a0fa\u0142szywe dane lub pomijaj\u0105 wa\u017cne informacje.\u00a0 Powoduje to, \u017ce ju\u017c na etapie zbierania wywiadu mo\u017ce doj\u015b\u0107 do b\u0142\u0119dnego postawienia rozpoznania wst\u0119pnego i planu diagnostycznego z winy pacjenta, lub ma\u0142o precyzyjnego zebrania wywiadu od chorego przez lekarza.<\/p>\n<p>-&gt; strona <a title=\"trudne przypadki\" href=\"https:\/\/www.dr-mamczur.pl\/blog\/?page_id=21\" target=\"_blank\" rel=\"noopener noreferrer\"><strong>TRUDNE PRZYPADKI MEDYCZNE<\/strong><\/a><\/p>\n<p>Na przyk\u0142ad &#8211; dla pacjenta, kt\u00f3ry m\u00f3wi, \u017ce ma b\u00f3le za mostkiem mo\u017ce to oznacza\u0107, \u017ce mieszka nad rzek\u0105 za mostkiem,\u00a0 lub boli go pod mostkiem stomatologicznym. Lekarz mo\u017ce to zinterpretowa\u0107 jako b\u00f3l \u00a0wie\u0144cowy w klatce piersiowej.<\/p>\n<p>Na tej stronie b\u0119d\u0119 stara\u0142 si\u0119 podawa\u0107 przyk\u0142ady na tzw. k\u0142amstwa w procesie diagnostycznym. Podziel\u0119 je na celowe i nie\u015bwiadome.\u00a0 Ka\u017cde z nich jako zatajenie prawdy lub nieprawdziwa informacja. Dane przekazane przez pacjenta, rodzin\u0119, otoczenie pacjenta (s\u0105siedzi, pracodawcy, personel medyczny , inni),<\/p>\n<p><strong>I. CELOWE ZATAJENIE PRAWDY LUB NIEPRAWDA<\/strong><\/p>\n<ol>\n<li><strong>Zatajenie prawdy<\/strong>\n<ol>\n<li>Pacjent<\/li>\n<li>Rodzina<\/li>\n<li>Inni:a)\u00a0\u00a0\u00a0\u00a0\u00a0 S\u0105siedzi\u00a0 b) Pracodawcy i koledzy ze szko\u0142y lub pracy\u00a0 c)\u00a0 Personel medyczny d)\u00a0 Pozostali\u00a0\u00a0\u00a0\u00a0\u00a0\u00a0\u00a0\u00a0\u00a0\u00a0\u00a0\u00a0\u00a0\u00a0\u00a0\u00a0\u00a0\u00a0\u00a0\u00a0\u00a0\u00a0\u00a0\u00a0\u00a0\u00a0\u00a0\u00a0\u00a0\u00a0\u00a0\u00a0\u00a0\u00a0\u00a0\u00a0\u00a0\u00a0\u00a0\u00a0\u00a0\u00a0\u00a0\u00a0\u00a0\u00a0\u00a0\u00a0\u00a0\u00a0\u00a0\u00a0\u00a0\u00a0\u00a0\u00a0\u00a0\u00a0\u00a0\u00a0\u00a0\u00a0\u00a0\u00a0\u00a0\u00a0\u00a0\u00a0\u00a0\u00a0\u00a0\u00a0\u00a0\u00a0\u00a0\u00a0\u00a0\u00a0\u00a0\u00a0\u00a0 Wpis &#8211; 27.04.2019 <a href=\"https:\/\/www.dr-mamczur.pl\/blog\/?p=3400\" target=\"_blank\" rel=\"noopener noreferrer\">\u201ePycha przed upadkiem chodzi\u201d<\/a><\/li>\n<\/ol>\n<\/li>\n<\/ol>\n<p>2. <strong>Powiedzenie nieprawdy (symulowanie choroby lub ukrywanie choroby)<br \/>\n<\/strong><\/p>\n<p>A.Pacjent<\/p>\n<ol>\n<li>Powiedzenie nieprawdy w czasie wywiadu<\/li>\n<li>Fa\u0142szowanie dokumentacji medycznej\u00a0 a) fabrykowanie dokumentacji &#8211; obecnie przy u\u017cyciu techniki komputerowej i danych z internetu &#8211; np. w zespole<br \/>\n<h6 class=\"firstHeading\" lang=\"pl\">M\u00fcnchhausena)\u00a0 wpis 17.07.2017\u00a0 <a href=\"https:\/\/www.dr-mamczur.pl\/blog\/?p=2664\" target=\"_blank\" rel=\"noopener noreferrer\">Zesp\u00f3\u0142 M\u00fcnchhausena\u2013 \u201ezaka\u017cone ziarno\u201d przes\u0142anek.<\/a><\/h6>\n<\/li>\n<li>\n<h6 id=\"firstHeading\" class=\"firstHeading\" lang=\"pl\">Fa\u0142szowanie wynik\u00f3w bada\u0144<\/h6>\n<\/li>\n<\/ol>\n<p>B. Rodzina<\/p>\n<p>C.Inni: a)\u00a0\u00a0\u00a0\u00a0\u00a0 S\u0105siedzi b) Pracodawcy i koledzy ze szko\u0142y lub pracy c)\u00a0 Personel medyczny d)\u00a0\u00a0\u00a0\u00a0\u00a0 pozostali<\/p>\n<p><strong>II. NIE\u015aWIADOME \u00a0ZATAJENIE PRAWDY LUB NIEPRAWDA<\/strong><\/p>\n<ol>\n<li><strong>Zatajenie prawdy<\/strong>\n<ol>\n<li>Pacjent<\/li>\n<li>Rodzina<\/li>\n<li>Inni: a) S\u0105siedzi b) Pracodawcy i koledzy ze szko\u0142y lub pracy c)Personel medyczny d)Pozostali<\/li>\n<\/ol>\n<\/li>\n<\/ol>\n<p><strong>2. Powiedzenie nieprawdy<\/strong><\/p>\n<p>A. Pacjent<\/p>\n<p>-&gt;wpis\u00a0 &#8220;<a href=\"https:\/\/www.dr-mamczur.pl\/blog\/?p=2262\" target=\"_blank\" rel=\"noopener noreferrer\">Placebo, nocebo \u2013 a prawdziwe objawy chorobowe<\/a>&#8221;<\/p>\n<p>B. Rodzina<\/p>\n<p>C. Inni: a) S\u0105siedzi b) Pracodawcy i koledzy ze szko\u0142y lub pracy c) Personel medyczny\u00a0\u00a0 d) pozostali<\/p>\n<ol>\n<li><strong>wpis 14.10,2017<\/strong> &#8220;<strong><a href=\"https:\/\/www.dr-mamczur.pl\/blog\/?p=2762\" target=\"_blank\" rel=\"noopener noreferrer\">Lekarze tak\u017ce czasem mijaj\u0105 si\u0119 z prawd\u0105<\/a>!&#8221;<\/strong><\/li>\n<\/ol>\n<p><a href=\"https:\/\/www.dr-mamczur.pl\/blog\/trudne-przypadki-chorobowe\/wszyscy-klamia-mozliwe-bledy-przy-zbieraniu-wywiadu-lekarskiego\/wywiad-lekarski-prawda-czy-klamstwo-czy-wszyscy-klamia\/\" rel=\"attachment wp-att-1482\"><img loading=\"lazy\" class=\"aligncenter size-full wp-image-1482\" src=\"https:\/\/www.dr-mamczur.pl\/blog\/wp-content\/uploads\/2014\/02\/WYWIAD-LEKARSKI-PRAWDA-CZY-K\u0141AMSTWO-CZY-WSZYSCY-K\u0141AMI\u0104.jpeg\" alt=\"WYWIAD LEKARSKI PRAWDA CZY K\u0141AMSTWO CZY WSZYSCY K\u0141AMI\u0104\" width=\"1107\" height=\"599\" srcset=\"https:\/\/www.dr-mamczur.pl\/blog\/wp-content\/uploads\/2014\/02\/WYWIAD-LEKARSKI-PRAWDA-CZY-K\u0141AMSTWO-CZY-WSZYSCY-K\u0141AMI\u0104.jpeg 1107w, https:\/\/www.dr-mamczur.pl\/blog\/wp-content\/uploads\/2014\/02\/WYWIAD-LEKARSKI-PRAWDA-CZY-K\u0141AMSTWO-CZY-WSZYSCY-K\u0141AMI\u0104-300x162.jpeg 300w, https:\/\/www.dr-mamczur.pl\/blog\/wp-content\/uploads\/2014\/02\/WYWIAD-LEKARSKI-PRAWDA-CZY-K\u0141AMSTWO-CZY-WSZYSCY-K\u0141AMI\u0104-1024x554.jpeg 1024w\" sizes=\"(max-width: 1107px) 100vw, 1107px\" \/><\/a><\/p>\n<h2><strong>III. Jak wykry\u0107 k\u0142amstwo (mijanie si\u0119 z prawd\u0105 \ud83d\ude42 )?<\/strong><\/h2>\n<ul>\n<li>Testy prowokacyjne<\/li>\n<li>a) famakologiczne &#8211; zastosowanie placebo<\/li>\n<li>Wpis -4.11.2016 <a href=\"https:\/\/www.dr-mamczur.pl\/blog\/?p=2412\" target=\"_blank\" rel=\"noopener noreferrer\">Trudna diagnostyka to tak\u017ce testy z placebo<\/a><\/li>\n<li>b) sytuacyjne<\/li>\n<li>c) testy wysi\u0142kowe<\/li>\n<\/ul>\n<p>IV. B\u0142\u0119dy terapii, diagnostyki (&#8220;K\u0142ami\u0105&#8221; te\u017c wyniki lub interpretacje wynik\u00f3w bada\u0144 dodatkowych&#8221;)<\/p>\n<p><a href=\"https:\/\/podyplomie.pl\/mt\" target=\"_blank\" rel=\"noopener noreferrer\"><strong>Medical Tribune<\/strong><\/a> &#8211; prowadzi rubryk\u0119 &#8220;<a href=\"https:\/\/podyplomie.pl\/medical-tribune\/31392,czy-zawsze-mozemy-ufac-badaniom-obrazowym\" target=\"_blank\" rel=\"noopener noreferrer\">B\u0142\u0119dne ko\u0142o terapii<\/a>&#8221; np.<\/p>\n<h4 class=\"title\"><a href=\"https:\/\/podyplomie.pl\/medical-tribune\/31392,czy-zawsze-mozemy-ufac-badaniom-obrazowym\" target=\"_blank\" rel=\"noopener noreferrer\"><strong>Czy zawsze mo\u017cemy ufa\u0107 badaniom obrazowym<\/strong><\/a>?-Med. trib-10\/2018 str. 57-59<\/h4>\n<p>Wpis 4-12-2018 &#8211; <a href=\"https:\/\/www.dr-mamczur.pl\/blog\/2018\/blad-medyczny-a-blad-lekarski\/\" target=\"_blank\" rel=\"noopener noreferrer\">B\u0142\u0105d medyczny a b\u0142\u0105d lekarski<\/a><\/p>\n<p>wpis 17-5-2021\u00a0\u00a0 <a href=\"https:\/\/www.dr-mamczur.pl\/blog\/2021\/ddx-a-blad-diagnostyczny\/\" target=\"_blank\" rel=\"noopener\">DDx a b\u0142\u0105d diagnostyczny<\/a><\/p>\n","protected":false},"excerpt":{"rendered":"<p>Dlaczego pacjenci nie m\u00f3wi\u0105 prawdy W filmie \u201eDr House\u201d cz\u0119sto pojawia si\u0119 powiedzenie \u201e wszyscy \u00a0k\u0142ami\u0105\u201d. Rzeczywi\u015bcie takie zjawisko cz\u0119sto wyst\u0119puje w pracy lekarza. Ma to miejsce podczas zbierania wywiadu. Dotyczy to informacji uzyskanych od pacjent\u00f3w, ich rodziny oraz os\u00f3b &hellip; <a href=\"https:\/\/www.dr-mamczur.pl\/blog\/trudne-przypadki-chorobowe\/wszyscy-klamia-mozliwe-bledy-przy-zbieraniu-wywiadu-lekarskiego\/\">Czytaj dalej <span class=\"meta-nav\">&rarr;<\/span><\/a><\/p>\n","protected":false},"author":1,"featured_media":0,"parent":21,"menu_order":0,"comment_status":"closed","ping_status":"closed","template":"","meta":[],"_links":{"self":[{"href":"https:\/\/www.dr-mamczur.pl\/blog\/wp-json\/wp\/v2\/pages\/1477"}],"collection":[{"href":"https:\/\/www.dr-mamczur.pl\/blog\/wp-json\/wp\/v2\/pages"}],"about":[{"href":"https:\/\/www.dr-mamczur.pl\/blog\/wp-json\/wp\/v2\/types\/page"}],"author":[{"embeddable":true,"href":"https:\/\/www.dr-mamczur.pl\/blog\/wp-json\/wp\/v2\/users\/1"}],"replies":[{"embeddable":true,"href":"https:\/\/www.dr-mamczur.pl\/blog\/wp-json\/wp\/v2\/comments?post=1477"}],"version-history":[{"count":18,"href":"https:\/\/www.dr-mamczur.pl\/blog\/wp-json\/wp\/v2\/pages\/1477\/revisions"}],"predecessor-version":[{"id":6014,"href":"https:\/\/www.dr-mamczur.pl\/blog\/wp-json\/wp\/v2\/pages\/1477\/revisions\/6014"}],"up":[{"embeddable":true,"href":"https:\/\/www.dr-mamczur.pl\/blog\/wp-json\/wp\/v2\/pages\/21"}],"wp:attachment":[{"href":"https:\/\/www.dr-mamczur.pl\/blog\/wp-json\/wp\/v2\/media?parent=1477"}],"curies":[{"name":"wp","href":"https:\/\/api.w.org\/{rel}","templated":true}]}}