




{"id":1056,"date":"2013-01-19T11:26:44","date_gmt":"2013-01-19T11:26:44","guid":{"rendered":"https:\/\/www.dr-mamczur.pl\/blog\/?page_id=1056"},"modified":"2013-02-23T11:09:58","modified_gmt":"2013-02-23T11:09:58","slug":"narzedzia-do-wizualizacji","status":"publish","type":"page","link":"https:\/\/www.dr-mamczur.pl\/blog\/wizualizacja-mysli\/narzedzia-do-wizualizacji\/","title":{"rendered":"NARZ\u0118DZIA DO WIZUALIZACJI"},"content":{"rendered":"<p><strong><a title=\"tablica magnetyczna\" href=\"http:\/\/importmania.pl\/product-pol-690-Tablica-magnetyczna-suchoscieralna-OfficeBoard-90x120-.html\" target=\"_blank\">I. TABLICE SUCHO\u015aCIERALNE -MAGNETYCZNE<\/a><\/strong><\/p>\n<p><a title=\"flip chart\" href=\"http:\/\/intronex.pl\/FLIPCHARTY\" target=\"_blank\">Flip chart<\/a><\/p>\n<p>tablice korkowe<\/p>\n<p>ekrany komputerowe , tablice szkolne<\/p>\n<p><strong>II. <a title=\"kartki samoprzylepne\" href=\"http:\/\/solutions.3mpoland.pl\/wps\/portal\/3M\/pl_PL\/Post-Its\/Post-It\/Products\/LargePostIt\/\" target=\"_blank\">Kartki samoprzylepne<\/a> typu post it<\/strong><\/p>\n<p><a title=\"arkusze post it\" href=\"http:\/\/solutions.3mpoland.pl\/wps\/portal\/3M\/pl_PL\/Post-Its\/Post-It\/Products\/WallChart\/\" target=\"_blank\">arkusze konferencyjne post it<\/a><\/p>\n<p><strong>III. MAPY<br \/>\n<\/strong><\/p>\n<p><strong>A. <a title=\"mapy-wiki\" href=\"http:\/\/pl.wikipedia.org\/wiki\/Mapa_my%C5%9Bli\" target=\"_blank\">MAPY MY\u015aLI<\/a><\/strong><\/p>\n<p><strong>1. MAPY MY\u015aLI bez komputera<br \/>\n<\/strong><\/p>\n<p><strong>2.MAPY MY\u015aLI KOMPUTEROWE<\/strong><\/p>\n<p><strong>1. Off line<\/strong><\/p>\n<blockquote class=\"wp-embedded-content\" data-secret=\"jFKs2Ht5e5\"><p><a href=\"https:\/\/imindmap.pl\/\">Home<\/a><\/p><\/blockquote>\n<p><iframe class=\"wp-embedded-content\" sandbox=\"allow-scripts\" security=\"restricted\" style=\"position: absolute; clip: rect(1px, 1px, 1px, 1px);\" src=\"https:\/\/imindmap.pl\/embed\/#?secret=jFKs2Ht5e5\" data-secret=\"jFKs2Ht5e5\" width=\"584\" height=\"329\" title=\"&#8222;Home&#8221; &#8212; iMindMap.pl\" frameborder=\"0\" marginwidth=\"0\" marginheight=\"0\" scrolling=\"no\"><\/iframe><\/p>\n<p><a title=\"FreeMind\" href=\"http:\/\/freemind.sourceforge.net\/wiki\/index.php\/Main_Page\" target=\"_blank\">FreeMind<\/a><\/p>\n<p>Programy\u00a0 alternatywne dla <a title=\"Mind Manager\" href=\"http:\/http:\/\/mindmanager.pl.malavida.com\/d8812-sciaganie-gratis-windows\" target=\"_blank\">Mind Manager<\/a> (wsp\u00f3\u0142pracuje s FreeMind) <a title=\"alternatywne mapy my\u015bli\" href=\"http:\/\/alternativeto.net\/software\/mindmanager\/\" target=\"_blank\">http:\/\/alternativeto.net\/software\/mindmanager\/<\/a><\/p>\n<p><strong>2. MAPY MY\u015aLI KOMPUTEROWE W CHMURZE &#8211; do wsp\u00f3\u0142pracy<br \/>\n<\/strong><\/p>\n<p><a title=\"www.xmind\" href=\"http:\/\/www.xmind.net\/\" target=\"_blank\">www.xmind.ne<\/a><a title=\"Mindjet\" href=\"http:\/\/www.mindjet.com\/\" target=\"_blank\">t<\/a><\/p>\n<p><a title=\"Mindjet\" href=\"http:\/\/www.mindjet.com\/\" target=\"_blank\">Mindjet<\/a><\/p>\n<p><a title=\"spiderscribe\" href=\"http:\/\/www.spiderscribe.net\/\" target=\"_blank\">spiderscribe\u00a0 <\/a>&#8211; <a title=\"demo spiderscribe\" href=\"http:\/\/www.spiderscribe.net\/videos\/VideoIntroduction.php\" target=\"_blank\">demo <\/a><\/p>\n<p><a title=\"mindmapper\" href=\"http:\/\/mindmapper.com.pl\/korzysci-z-mapy-mysli-biznes.html\" target=\"_blank\">Mindmapper<\/a> &#8211; polski<\/p>\n<p><a title=\"imindmap\" href=\"http:\/\/imindmap.pl\/imindmap\/\" target=\"_blank\">iMindMap.pl<\/a><\/p>\n<p><strong>Mapy on line na www<\/strong><\/p>\n<p>&nbsp;<\/p>\n<p><a title=\"bubbl\" href=\"https:\/\/bubbl.us\/\" target=\"_blank\">bubbl.us<\/a><\/p>\n<p>&nbsp;<\/p>\n<p><a title=\"gliffy\" href=\"http:\/\/www.gliffy.com\/\" target=\"_blank\">gliffy.com- Mapy, schematy blokowe, plany mieszkania.<\/a><\/p>\n<p><a title=\"mindomo.com\" href=\"http:\/\/www.mindomo.com\/\" target=\"_blank\">mindomo.com- darmowe konto nie pozwala na eksport do FreeMinda.<\/a><\/p>\n<p>&nbsp;<\/p>\n<p><a title=\"mindmeister\" href=\"http:\/\/www.mindmeister.com\/\" target=\"_blank\"><strong>mindmeister.com<\/strong>\u00a0 -importuje z FreeMind<\/a><\/p>\n<p><a title=\"Mindjet\" href=\"http:\/\/www.mindjet.com\/\" target=\"_blank\">mindjet.com<\/a> &#8211; p\u0142atny<\/p>\n<p><a title=\"mind42\" href=\"http:\/\/mind42.com\/\" target=\"_blank\">mind42.com<\/a>\u00a0 &#8211;<\/p>\n<p><a title=\"mapul\" href=\"http:\/\/www.mapul.com\/Default.aspx\" target=\"_blank\">mapul.com<\/a> &#8211;<\/p>\n<p><a title=\"wisemapping\" href=\"http:\/\/www.wisemapping.com\/\" target=\"_blank\">wisemapping.com<\/a> &#8211;<\/p>\n<p><a title=\"thinkature\" href=\"http:\/\/thinkature.com\/\" target=\"_blank\">thinkature<\/a> &#8211;<\/p>\n<p><a title=\"mapofthings\" href=\"http:\/\/mapofthings.azurewebsites.net\/\" target=\"_blank\">mapofthings<\/a> &#8211;<\/p>\n<p><a title=\"thebrain\" href=\"http:\/\/www.thebrain.com\/\" target=\"_blank\">thebrain<\/a> &#8211;<\/p>\n<p>Blog o mapach mentalnych my\u015bli<a title=\"vismap\" href=\"http:\/\/vismap.blogspot.com\/\" target=\"_blank\"> vismap.blogspot.com<\/a>\u00a0\u00a0 &#8211;<\/p>\n<p><a title=\"mapy ranking\" href=\"http:\/\/www.projektsukces.pl\/mapy-mysli-programy.html\" target=\"_blank\">Najlepsze mapy<\/a> &#8211; ranking<\/p>\n<p><a title=\"wybor mapy\" href=\"http:\/\/szybkanauka.pro\/mapa-mysli-jak-wybrac-program\/\" target=\"_blank\">blog<\/a> Jak wybra\u0107 map\u0119 my\u015bli &#8211;<\/p>\n<p>a) <strong>Mapy my\u015bli na urz\u0105dzenia mobilne<\/strong><\/p>\n<p><strong>B. MAPY &#8211; KARTOGRAFIA<\/strong><\/p>\n<p>1. MAPY WOJSKOWE<\/p>\n<p>2. MAPY ARCHITEKTONICZNE<\/p>\n<p>3. GLOBUS<\/p>\n<p><strong>C. MAPY STRATEGICZNE<\/strong><\/p>\n<p>1.\u00a0 MAPY WOJSKOWE &#8211; STRATEGICZNE BIZNESO<\/p>\n<p>2. Mapy strategiczne biznesowe<\/p>\n<p><strong>IV. Grafika<\/strong><\/p>\n<p><strong>Programy graficzne<\/strong><\/p>\n<p>scenopisy -storyboardy<\/p>\n<p><strong>Programy do prezentacji<\/strong><\/p>\n<p>Power point<\/p>\n<p><a title=\"prezi\" href=\"http:\/\/prezi.com\/\" target=\"_blank\">Prezi<\/a><\/p>\n<p><a title=\"sliderocket\" href=\"http:\/\/www.dobreprogramy.pl\/SlideRocket,Program,Online,36719.html\" target=\"_blank\">SlideRocket<\/a> &#8211;<\/p>\n<p>Oprogramowanie dla firm<\/p>\n<p>a) praca w &#8220;chmurze&#8221;<\/p>\n<p>&#8211; Google APPS (oraz<a title=\"Google APPS\" href=\"http:\/\/www.google.com\/apps\/intl\/pl\/business\/index.html\" target=\"_blank\"> APPS dla firm<\/a>)<\/p>\n<p>&#8211; <a title=\"Office 365\" href=\"http:\/\/www.microsoft.com\/pl-pl\/office365\/free-office365-trial.aspx?WT.srch=1&amp;WT.mc_id=PS_google_Brand_microsoft%20365_Text\" target=\"_blank\">Microsoft Office 365<\/a><\/p>\n<p>&nbsp;<\/p>\n<p><strong>Graficzne przedstawienie danych<\/strong><\/p>\n<p>Microsoft Office &#8211; Exel<\/p>\n<p>Kalendarze- planery &#8211; wykresy Gantta<\/p>\n<p><strong>Fotografia<\/strong><\/p>\n<p>&#8220;stock&#8221; ze zdj\u0119ciami<\/p>\n<p><strong>Malarstwo i rysunek<br \/>\n<\/strong><\/p>\n<p><strong>Tekst &#8211; pisany, drukowany<\/strong><\/p>\n<p>Edytory tekstu<\/p>\n<p><strong>V. Filmy video<\/strong><\/p>\n<p>&nbsp;<\/p>\n<p><a title=\"YouTube\" href=\"http:\/\/www.youtube.com\/\" target=\"_blank\">YouTube<\/a><\/p>\n<p>np. <a title=\"jak to jest zrobione\" href=\"http:\/\/www.youtube.com\/watch?v=ck45id2NeM0\" target=\"_blank\">jak to jest zrobione<\/a><\/p>\n<p><a title=\"vimeo\" href=\"http:\/\/vimeo.com\/\" target=\"_blank\">Vimeo<\/a><\/p>\n<p><a title=\"spryciarze.pl\" href=\"http:\/\/www.spryciarze.pl\/\" target=\"_blank\">Spryciarze.pl<\/a><\/p>\n<p><a title=\"joemonster\" href=\"http:\/\/www.joemonster.org\/art\/21647\/Jak_to_dziala_\" target=\"_blank\">joemonster.org-Jak_to_dzia\u0142a<\/a><\/p>\n<p><strong>VI. Wiki z grafik\u0105<\/strong><\/p>\n<p><a title=\"wikihow\" href=\"http:\/\/www.wikihow.com\/Main-Page\" target=\"_blank\">WikiHow<\/a><\/p>\n<p><strong>VII. Inscenizacje<\/strong><\/p>\n<p>Teatr<\/p>\n<p>Opera<\/p>\n<p>Film<\/p>\n<p><strong>VIII. Prototypy i projekty<\/strong><\/p>\n<p><a title=\"drukarka-3d-wiki\" href=\"http:\/\/pl.wikipedia.org\/wiki\/Drukarka_3D\" target=\"_blank\">Drukarki 3-D<\/a><\/p>\n<p>&nbsp;<\/p>\n<p>&nbsp;<\/p>\n<p>&nbsp;<\/p>\n<p>&nbsp;<\/p>\n<p>&nbsp;<\/p>\n","protected":false},"excerpt":{"rendered":"<p>I. TABLICE SUCHO\u015aCIERALNE -MAGNETYCZNE Flip chart tablice korkowe ekrany komputerowe , tablice szkolne II. Kartki samoprzylepne typu post it arkusze konferencyjne post it III. MAPY A. MAPY MY\u015aLI 1. MAPY MY\u015aLI bez komputera 2.MAPY MY\u015aLI KOMPUTEROWE 1. Off line Home &hellip; <a href=\"https:\/\/www.dr-mamczur.pl\/blog\/wizualizacja-mysli\/narzedzia-do-wizualizacji\/\">Czytaj dalej <span class=\"meta-nav\">&rarr;<\/span><\/a><\/p>\n","protected":false},"author":1,"featured_media":0,"parent":10,"menu_order":0,"comment_status":"open","ping_status":"closed","template":"","meta":[],"_links":{"self":[{"href":"https:\/\/www.dr-mamczur.pl\/blog\/wp-json\/wp\/v2\/pages\/1056"}],"collection":[{"href":"https:\/\/www.dr-mamczur.pl\/blog\/wp-json\/wp\/v2\/pages"}],"about":[{"href":"https:\/\/www.dr-mamczur.pl\/blog\/wp-json\/wp\/v2\/types\/page"}],"author":[{"embeddable":true,"href":"https:\/\/www.dr-mamczur.pl\/blog\/wp-json\/wp\/v2\/users\/1"}],"replies":[{"embeddable":true,"href":"https:\/\/www.dr-mamczur.pl\/blog\/wp-json\/wp\/v2\/comments?post=1056"}],"version-history":[{"count":33,"href":"https:\/\/www.dr-mamczur.pl\/blog\/wp-json\/wp\/v2\/pages\/1056\/revisions"}],"predecessor-version":[{"id":1058,"href":"https:\/\/www.dr-mamczur.pl\/blog\/wp-json\/wp\/v2\/pages\/1056\/revisions\/1058"}],"up":[{"embeddable":true,"href":"https:\/\/www.dr-mamczur.pl\/blog\/wp-json\/wp\/v2\/pages\/10"}],"wp:attachment":[{"href":"https:\/\/www.dr-mamczur.pl\/blog\/wp-json\/wp\/v2\/media?parent=1056"}],"curies":[{"name":"wp","href":"https:\/\/api.w.org\/{rel}","templated":true}]}}