




{"id":10,"date":"2011-07-20T18:50:13","date_gmt":"2011-07-20T18:50:13","guid":{"rendered":"http:\/\/www.dariusz-mamczur.dr-mamczur.pl\/?page_id=10"},"modified":"2014-12-05T23:43:09","modified_gmt":"2014-12-05T23:43:09","slug":"wizualizacja-mysli","status":"publish","type":"page","link":"https:\/\/www.dr-mamczur.pl\/blog\/wizualizacja-mysli\/","title":{"rendered":"WIZUALIZACJA MY\u015aLI"},"content":{"rendered":"<p>Wszystko zaczyna si\u0119 od naszych marze\u0144 i ich <strong>wizji<\/strong> . Czasem, aby je zobaczy\u0107 zamykamy oczy, albo unosimy wzrok i r\u0119ce do g\u00f3ry (spr\u00f3buj &#8211; zobaczysz , \u017ce to dzia\u0142a). Niejeden marzyciel (<a title=\"Think different - Apple- Jobs\" href=\"https:\/\/www.youtube.com\/watch?v=dX9GTUMh490\" target=\"_blank\">Think different &#8211; Apple- Jobs<\/a>), charyzmatyczny przyw\u00f3dca duchowy i polityczny (&#8220;<a title=\"https:\/\/www.youtube.com\/watch?v=V57lotnKGF8\" href=\"https:\/\/www.youtube.com\/watch?v=V57lotnKGF8\" target=\"_blank\">I have a dream&#8221; Martin Luther King<\/a>),\u00a0artysta pomaga\u0142 sobie w ten spos\u00f3b lepiej zobaczy\u0107 swoj\u0105 wizj\u0119, kt\u00f3r\u0105 chcia\u0142 przekaza\u0107 ludziom. Patrzy\u0142 &#8220;poza horyzont&#8221;. Widzia\u0142 rzeczy, kt\u00f3rych jeszcze nie wymy\u015blono. Jednak nielicznym udaje si\u0119 marzenia zamieni\u0107 na plany dzia\u0142ania i je zrealizowa\u0107 &#8211; syntetyczne my\u015blenie zamieni\u0107 na my\u015blenie analityczne. Czasem jednak stworzenie porywaj\u0105cej wizji mo\u017ce by\u0107 trudniejsze ni\u017c\u00a0jej realizacja. &#8220;<a title=\"Sk\u0105d bierze si\u0119 bogactwo\" href=\"https:\/\/www.dr-mamczur.pl\/blog\/?p=883\" target=\"_blank\">Wyobra\u017ania i wiara poprzedzaj\u0105 wiedz\u0119<\/a>&#8221; (Robert Gwiazdowski w art. Forum 03\/2012). Do tego potrzeba ekscytuj\u0105cego celu, wytrwa\u0142o\u015bci i koncentracji w dzia\u0142aniu oraz pomocy wielu ludzi.<\/p>\n<p>G\u00f3ry przed nami, to dla wielu\u00a0 przeszkoda, ale dla ludzie czynu to tylko wyzwanie, \u017ar\u00f3d\u0142o si\u0142y i motywacji do dzia\u0142ania. Im wi\u0119ksze wyzwanie tym wi\u0119ksza &#8220;zabawa&#8221; i satysfakcja z jego spe\u0142nienia. :).\u00a0 Bo &#8220;<a title=\"droga wa\u017cniesza ni\u017c cel\" href=\"https:\/\/www.dr-mamczur.pl\/blog\/?p=936\" target=\"_blank\">droga jest wa\u017cniejsza ni\u017c cel<\/a>&#8220;.<a href=\"https:\/\/www.dr-mamczur.pl\/blog\/wp-content\/uploads\/2011\/07\/energia1.jpg\"><img loading=\"lazy\" class=\"aligncenter  wp-image-1719\" src=\"https:\/\/www.dr-mamczur.pl\/blog\/wp-content\/uploads\/2011\/07\/energia1.jpg\" alt=\"energia1\" width=\"499\" height=\"631\" srcset=\"https:\/\/www.dr-mamczur.pl\/blog\/wp-content\/uploads\/2011\/07\/energia1.jpg 1166w, https:\/\/www.dr-mamczur.pl\/blog\/wp-content\/uploads\/2011\/07\/energia1-237x300.jpg 237w, https:\/\/www.dr-mamczur.pl\/blog\/wp-content\/uploads\/2011\/07\/energia1-811x1024.jpg 811w\" sizes=\"(max-width: 499px) 100vw, 499px\" \/><\/a><\/p>\n<p style=\"text-align: center;\"><a href=\"https:\/\/www.dr-mamczur.pl\/blog\/wp-content\/uploads\/2011\/07\/W1-drodze-do-szczescia1.jpg\"><img loading=\"lazy\" class=\"aligncenter size-full wp-image-45\" src=\"https:\/\/www.dr-mamczur.pl\/blog\/wp-content\/uploads\/2011\/07\/W1-drodze-do-szczescia1.jpg\" alt=\"W1-drodze-do-szczescia\" width=\"3484\" height=\"2424\" srcset=\"https:\/\/www.dr-mamczur.pl\/blog\/wp-content\/uploads\/2011\/07\/W1-drodze-do-szczescia1.jpg 3484w, https:\/\/www.dr-mamczur.pl\/blog\/wp-content\/uploads\/2011\/07\/W1-drodze-do-szczescia1-300x209.jpg 300w, https:\/\/www.dr-mamczur.pl\/blog\/wp-content\/uploads\/2011\/07\/W1-drodze-do-szczescia1-1024x712.jpg 1024w, https:\/\/www.dr-mamczur.pl\/blog\/wp-content\/uploads\/2011\/07\/W1-drodze-do-szczescia1-431x300.jpg 431w\" sizes=\"(max-width: 3484px) 100vw, 3484px\" \/><\/a><\/p>\n<p>Tak mo\u017cemy wyobra\u017ca\u0107 sobie nasz\u0105 drog\u0119 do szcz\u0119\u015bcia.<\/p>\n<p title=\"scenorysy\">Jednak, aby j\u0105 realizowa\u0107 nale\u017cy wizjonerstwo przeku\u0107 na konkretne analizy , decyzje i dzia\u0142ania. Do tego mog\u0105 by\u0107 przydatne mapy my\u015bli, listy staranno\u015bci, algorytmy graficzne, mapy proces\u00f3w w biznesie, <a title=\"scenorysy\" href=\"http:\/\/pl.wikipedia.org\/wiki\/Scenorys\" target=\"_blank\">scenorysy<\/a> (<a title=\"storyboardy.pl\" href=\"http:\/\/storyboardy.pl\/\" target=\"_blank\">storyboard<\/a>), komputerowe wykresy finansowe (np. w Exel), prezentacje graficzne (<a title=\"Prezi\" href=\"http:\/\/prezi.com\/\" target=\"_blank\">Prezi<\/a>, PowerPoint), screencasty,\u00a0 rysunki, filmy, projekty architektoniczne, <a title=\"Modele biznesowe\" href=\"https:\/\/www.dr-mamczur.pl\/blog\/?p=978\" target=\"_blank\">modele biznesowe<\/a>, prototypy. Wspania\u0142e\u00a0 dzie\u0142a wymagaj\u0105 wsp\u00f3\u0142pracy wielu ludzi. Najpierw trzeba uporz\u0105dkowa\u0107 swoje my\u015bli. Potem nale\u017cy znale\u017a\u0107 wspania\u0142y, ekscytuj\u0105cy pomys\u0142 (lub nisz\u0119), wyja\u015bni\u0107 ludziom ide\u0119 pomys\u0142u, pokaza\u0107 jak dokonano analizy, przedstawi\u0107 mo\u017cliwe scenariusze, strategie\u00a0 i modele\u00a0 realizacji\u00a0 projektu, zach\u0119ci\u0107 inwestor\u00f3w do wy\u0142o\u017cenia pieni\u0119dzy i wsp\u00f3\u0142pracownik\u00f3w do dzia\u0142ania. Nast\u0119pnie pokaza\u0107 \u015bcie\u017cki proces\u00f3w realizacji projektu, dzia\u0142a\u0107 i wsp\u00f3\u0142pracowa\u0107 oraz nadzorowa\u0107 post\u0119py jego realizacji. Przelanie my\u015bli na papier pozwala szybko osi\u0105gn\u0105\u0107 wszystkie te cele . Wszystkie te cele spe\u0142nia <strong>wizualizacja<\/strong>. Poniewa\u017c , jak m\u00f3wi chi\u0144skie przys\u0142owie &#8220;<strong>Jeden obraz wart jest tysi\u0105c s\u0142\u00f3w&#8221; &#8211; <\/strong>w ten spos\u00f3b mo\u017cna w spos\u00f3b prawie jednoznaczny, powtarzalny i szybki przekaza\u0107 nasze my\u015bli innym ludziom<strong>.<br \/>\n<a href=\"https:\/\/www.dr-mamczur.pl\/blog\/wp-content\/uploads\/2011\/07\/Szczescie-a-mapa.jpg\"><img loading=\"lazy\" class=\"aligncenter size-full wp-image-1720\" src=\"https:\/\/www.dr-mamczur.pl\/blog\/wp-content\/uploads\/2011\/07\/Szczescie-a-mapa.jpg\" alt=\"Szczescie a mapa\" width=\"1041\" height=\"762\" srcset=\"https:\/\/www.dr-mamczur.pl\/blog\/wp-content\/uploads\/2011\/07\/Szczescie-a-mapa.jpg 1041w, https:\/\/www.dr-mamczur.pl\/blog\/wp-content\/uploads\/2011\/07\/Szczescie-a-mapa-300x220.jpg 300w, https:\/\/www.dr-mamczur.pl\/blog\/wp-content\/uploads\/2011\/07\/Szczescie-a-mapa-1024x750.jpg 1024w\" sizes=\"(max-width: 1041px) 100vw, 1041px\" \/><\/a><\/strong><\/p>\n<p>&nbsp;<\/p>\n<p>Z g\u00f3ry przepraszam, za form\u0119 graficzn\u0105 blogu. Nie dor\u00f3wnam mistrzom rysowania, ale jak mo\u017cna to przedstawia\u0107 zobaczcie prosz\u0119 film na stronie <strong>Kirsten Dinesen<\/strong>\u00a0\u00a0<a title=\"film z wizualizacji\" href=\"http:\/\/front-page.dk\/new\/da\/til-kamp-mod-internet-dumhed\/\" target=\"_blank\">front-page.dk<\/a><\/p>\n<p>Dlaczego mam odwag\u0119 j\u0105 prezentowa\u0107 mo\u017cna zrozumie\u0107 dzi\u0119ki ksi\u0105\u017cce<\/p>\n<h1>\u201e<strong>Narysuj swoje my\u015bli\u201d Dana Roam<\/strong>.<\/h1>\n<h1 style=\"text-align: center;\"><a title=\"Strona Dana Roama\" href=\"http:\/\/www.danroam.com\/the-back-of-the-napkin\/\" target=\"_blank\">www.danroam.com<\/a><\/h1>\n<p style=\"text-align: center;\">Warto\u015b\u0107 tych rysunk\u00f3w b\u0119dzie mo\u017cna dopiero doceni\u0107 jak dzi\u0119ki nim nasza <strong>kreatywno\u015b\u0107<\/strong> pozwoli wznie\u015b\u0107 si\u0119 do poziomu jej mistrza <strong>Steve Jobsa<\/strong> (za\u0142o\u017cyciela firmy Apple), a pierwszy <strong>milion Euro\u00a0 zarobiony dzi\u0119ki tym rysunkom<\/strong> da im tak\u0105 sam\u0105 warto\u015b\u0107 rynkow\u0105 jak\u0105 maj\u0105 r\u00f3wnie pi\u0119kne\u00a0 :))\u00a0 obrazy\u00a0 Pablo Picasso .\u00a0\u00a0 :)))<\/p>\n<p style=\"text-align: center;\">Moje narz\u0119dzie wizualne (mapa nast\u0119pnie przenoszona do Gantta) do planowania cel\u00f3w z uwzgl\u0119dnieniem ryzyk, jakie mog\u0105 pojawi\u0107 si\u0119 w czasie realizacji<\/p>\n<p>&nbsp;<\/p>\n<p>&nbsp;<\/p>\n<p>&nbsp;<\/p>\n<h1>Planowanie osi\u0105gania ryzykownych cel\u00f3w<\/h1>\n<p>&nbsp;<\/p>\n<p><a title=\"realizacja-celow-mapa\" href=\"http:\/\/www.drmamczur.home.pl\/zdjecia\/REALIZACJA_%20CEOLW_RYZYKA.jpeg\" target=\"_blank\">Zobacz map\u0119 my\u015bli<\/a><\/p>\n<p>&nbsp;<\/p>\n<p><a title=\"Planowanie ryzykownych cel\u00f3w - mapa\" href=\"http:\/\/www.drmamczur.home.pl\/zdjecia\/REALIZACJA_%20CEOLW_RYZYKA.jpeg\" target=\"_blank\" rel=\"attachment wp-att-1016\"><img loading=\"lazy\" class=\"aligncenter size-large wp-image-1016\" src=\"https:\/\/www.dr-mamczur.pl\/blog\/wp-content\/uploads\/2013\/01\/REALIZACJA-CEOLW-Z-UWZGLEDNIENIEM-RYZYKA-1024x647.jpeg\" alt=\"REALIZACJA CEOLW  Z UWZGLEDNIENIEM  RYZYKA\" width=\"640\" height=\"404\" \/><\/a><\/p>\n<p>&nbsp;<\/p>\n<p>&nbsp;<\/p>\n<p style=\"text-align: center;\">\n","protected":false},"excerpt":{"rendered":"<p>Wszystko zaczyna si\u0119 od naszych marze\u0144 i ich wizji . Czasem, aby je zobaczy\u0107 zamykamy oczy, albo unosimy wzrok i r\u0119ce do g\u00f3ry (spr\u00f3buj &#8211; zobaczysz , \u017ce to dzia\u0142a). Niejeden marzyciel (Think different &#8211; Apple- Jobs), charyzmatyczny przyw\u00f3dca duchowy &hellip; <a href=\"https:\/\/www.dr-mamczur.pl\/blog\/wizualizacja-mysli\/\">Czytaj dalej <span class=\"meta-nav\">&rarr;<\/span><\/a><\/p>\n","protected":false},"author":1,"featured_media":29,"parent":0,"menu_order":3,"comment_status":"open","ping_status":"open","template":"","meta":[],"_links":{"self":[{"href":"https:\/\/www.dr-mamczur.pl\/blog\/wp-json\/wp\/v2\/pages\/10"}],"collection":[{"href":"https:\/\/www.dr-mamczur.pl\/blog\/wp-json\/wp\/v2\/pages"}],"about":[{"href":"https:\/\/www.dr-mamczur.pl\/blog\/wp-json\/wp\/v2\/types\/page"}],"author":[{"embeddable":true,"href":"https:\/\/www.dr-mamczur.pl\/blog\/wp-json\/wp\/v2\/users\/1"}],"replies":[{"embeddable":true,"href":"https:\/\/www.dr-mamczur.pl\/blog\/wp-json\/wp\/v2\/comments?post=10"}],"version-history":[{"count":17,"href":"https:\/\/www.dr-mamczur.pl\/blog\/wp-json\/wp\/v2\/pages\/10\/revisions"}],"predecessor-version":[{"id":1721,"href":"https:\/\/www.dr-mamczur.pl\/blog\/wp-json\/wp\/v2\/pages\/10\/revisions\/1721"}],"wp:featuredmedia":[{"embeddable":true,"href":"https:\/\/www.dr-mamczur.pl\/blog\/wp-json\/wp\/v2\/media\/29"}],"wp:attachment":[{"href":"https:\/\/www.dr-mamczur.pl\/blog\/wp-json\/wp\/v2\/media?parent=10"}],"curies":[{"name":"wp","href":"https:\/\/api.w.org\/{rel}","templated":true}]}}